{"id":2795,"date":"2023-02-20T14:44:08","date_gmt":"2023-02-20T13:44:08","guid":{"rendered":"https:\/\/carretillasdelsegria.com\/tienda\/uncategorized\/transpaleta-electrica-ep20t-1814\/"},"modified":"2023-02-28T11:37:11","modified_gmt":"2023-02-28T10:37:11","slug":"transpaleta-electrica-ep20t-1814","status":"publish","type":"product","link":"https:\/\/carretillasdelsegria.com\/en\/store\/second-hand-machines\/transpaleta-electrica-ep20t-1814\/","title":{"rendered":"TRANSPALETA EL\u00c9CTRICA EP20T -1814-"},"content":{"rendered":"<p>La transpaleta el\u00e9ctrica BAOLI EP20T es la soluci\u00f3n ideal para el transporte de mercanc\u00edas en distancias medianas y largas. Los motores de CA y la direcci\u00f3n asistida aseguran unas altas prestaciones.<\/p>\n<p>A\u00d1O 2018.<br \/>\n186 HORAS<br \/>\nFiable electr\u00f3nica de CA<br \/>\nBastidor extremadamente robusto y fiable<br \/>\nDirecci\u00f3n el\u00e9ctrica de serie<br \/>\nPlataforma y laterales abatibles de serie<br \/>\nVelocidad de traslaci\u00f3n de hasta 7,5 Km\/h<br \/>\nBater\u00eda de 24 V \/ 210-250-270 Ah<\/p>\n<p>DISPONIBLE PARA VENTA Y ALQUILER.<\/p>\n<p>El tim\u00f3n de maniobra altamente ergon\u00f3mico permite el control seguro de la carretilla con una mano y dispone de un pulsador de marcha lenta para el manejo en espacios reducidos. La direcci\u00f3n el\u00e9ctrica ayuda al conductor a tomar las curvas aumentando la seguridad y sin fatiga. La plataforma y los brazos abatibles de serie aseguran el confort y las prestaciones en recorridos largos. La extracci\u00f3n lateral de la bater\u00eda, disponible para las de 210 y 250 Ah, garantizan un cambio r\u00e1pido y seguro.<\/p>\n","protected":false},"excerpt":{"rendered":"<p>A\u00d1O 2018.<br \/>\n186 HORAS<br \/>\nFiable electr\u00f3nica de CA<br \/>\nBastidor extremadamente robusto y fiable<br \/>\nDirecci\u00f3n el\u00e9ctrica de serie<br \/>\nPlataforma y laterales abatibles de serie<br \/>\nVelocidad de traslaci\u00f3n de hasta 7,5 Km\/h<br \/>\nBater\u00eda de 24 V \/ 210-250-270 Ah<\/p>\n<p>DISPONIBLE PARA VENTA Y ALQUILER.<\/p>\n","protected":false},"featured_media":2794,"template":"","meta":{"_joinchat":[]},"product_brand":[],"product_cat":[169],"product_tag":[],"class_list":{"0":"post-2795","1":"product","2":"type-product","3":"status-publish","4":"has-post-thumbnail","6":"product_cat-second-hand-machines","7":"pa_marca-baoli-en","9":"first","10":"instock","11":"taxable","12":"shipping-taxable","13":"product-type-simple"},"_links":{"self":[{"href":"https:\/\/carretillasdelsegria.com\/en\/wp-json\/wp\/v2\/product\/2795","targetHints":{"allow":["GET"]}}],"collection":[{"href":"https:\/\/carretillasdelsegria.com\/en\/wp-json\/wp\/v2\/product"}],"about":[{"href":"https:\/\/carretillasdelsegria.com\/en\/wp-json\/wp\/v2\/types\/product"}],"wp:featuredmedia":[{"embeddable":true,"href":"https:\/\/carretillasdelsegria.com\/en\/wp-json\/wp\/v2\/media\/2794"}],"wp:attachment":[{"href":"https:\/\/carretillasdelsegria.com\/en\/wp-json\/wp\/v2\/media?parent=2795"}],"wp:term":[{"taxonomy":"product_brand","embeddable":true,"href":"https:\/\/carretillasdelsegria.com\/en\/wp-json\/wp\/v2\/product_brand?post=2795"},{"taxonomy":"product_cat","embeddable":true,"href":"https:\/\/carretillasdelsegria.com\/en\/wp-json\/wp\/v2\/product_cat?post=2795"},{"taxonomy":"product_tag","embeddable":true,"href":"https:\/\/carretillasdelsegria.com\/en\/wp-json\/wp\/v2\/product_tag?post=2795"}],"curies":[{"name":"wp","href":"https:\/\/api.w.org\/{rel}","templated":true}]}}