{"id":2471,"date":"2023-02-13T10:19:36","date_gmt":"2023-02-13T09:19:36","guid":{"rendered":"https:\/\/carretillasdelsegria.com\/tienda\/uncategorized\/finish-10l\/"},"modified":"2023-02-13T10:19:36","modified_gmt":"2023-02-13T09:19:36","slug":"finish-10l","status":"publish","type":"product","link":"https:\/\/carretillasdelsegria.com\/en\/store\/industrial-cleaning-products\/finish-10l\/","title":{"rendered":"FINISH + 10L"},"content":{"rendered":"<p>Encerado de veh\u00edculos, espejo r\u00e1pido con gran profundidad, f\u00e1cil aplicaci\u00f3n, acabado sedoso.<\/p>\n","protected":false},"excerpt":{"rendered":"<p>(Precio por unidad)<\/p>\n<p>Encerado de veh\u00edculos, espejo r\u00e1pido con gran profundidad, f\u00e1cil aplicaci\u00f3n, acabado sedoso.<\/p>\n<p><strong>LIQUIDACI\u00d3N DE STOCK<\/strong><\/p>\n","protected":false},"featured_media":2232,"template":"","meta":{"_joinchat":[]},"product_brand":[],"product_cat":[179],"product_tag":[],"class_list":{"0":"post-2471","1":"product","2":"type-product","3":"status-publish","4":"has-post-thumbnail","6":"product_cat-industrial-cleaning-products","8":"first","9":"instock","10":"taxable","11":"shipping-taxable","12":"product-type-simple"},"_links":{"self":[{"href":"https:\/\/carretillasdelsegria.com\/en\/wp-json\/wp\/v2\/product\/2471","targetHints":{"allow":["GET"]}}],"collection":[{"href":"https:\/\/carretillasdelsegria.com\/en\/wp-json\/wp\/v2\/product"}],"about":[{"href":"https:\/\/carretillasdelsegria.com\/en\/wp-json\/wp\/v2\/types\/product"}],"wp:featuredmedia":[{"embeddable":true,"href":"https:\/\/carretillasdelsegria.com\/en\/wp-json\/wp\/v2\/media\/2232"}],"wp:attachment":[{"href":"https:\/\/carretillasdelsegria.com\/en\/wp-json\/wp\/v2\/media?parent=2471"}],"wp:term":[{"taxonomy":"product_brand","embeddable":true,"href":"https:\/\/carretillasdelsegria.com\/en\/wp-json\/wp\/v2\/product_brand?post=2471"},{"taxonomy":"product_cat","embeddable":true,"href":"https:\/\/carretillasdelsegria.com\/en\/wp-json\/wp\/v2\/product_cat?post=2471"},{"taxonomy":"product_tag","embeddable":true,"href":"https:\/\/carretillasdelsegria.com\/en\/wp-json\/wp\/v2\/product_tag?post=2471"}],"curies":[{"name":"wp","href":"https:\/\/api.w.org\/{rel}","templated":true}]}}