{"id":2463,"date":"2023-02-13T10:07:59","date_gmt":"2023-02-13T09:07:59","guid":{"rendered":"https:\/\/carretillasdelsegria.com\/tienda\/uncategorized\/ecosystem-car-pulverizador-750ml\/"},"modified":"2023-02-13T10:07:59","modified_gmt":"2023-02-13T09:07:59","slug":"ecosystem-car-pulverizador-750ml","status":"publish","type":"product","link":"https:\/\/carretillasdelsegria.com\/en\/store\/industrial-cleaning-products\/ecosystem-car-pulverizador-750ml\/","title":{"rendered":"ECOSYSTEM CAR PULVERIZADOR 750ml"},"content":{"rendered":"<p>Producto espec\u00edfico para el lavado ecol\u00f3gico, sin agua de todo tipo de veh\u00edculos (turismos, comerciales, motos, bicicletas, etc), incluso llantas y neum\u00e1ticos.<br \/>\nElimina suciedad, aceites, polvo, insectos, etc.<\/p>\n","protected":false},"excerpt":{"rendered":"<p>(Precio por unidad)<\/p>\n<p>Producto espec\u00edfico para el lavado ecol\u00f3gico, sin agua de todo tipo de veh\u00edculos (turismos, comerciales, motos, bicicletas, etc), incluso llantas y neum\u00e1ticos.<br \/>\nElimina suciedad, aceites, polvo, insectos, etc.<\/p>\n<p><strong>LIQUIDACI\u00d3N DE STOCK<\/strong><\/p>\n","protected":false},"featured_media":2228,"template":"","meta":{"_joinchat":[]},"product_brand":[],"product_cat":[179],"product_tag":[],"class_list":{"0":"post-2463","1":"product","2":"type-product","3":"status-publish","4":"has-post-thumbnail","6":"product_cat-industrial-cleaning-products","8":"first","9":"instock","10":"taxable","11":"shipping-taxable","12":"product-type-simple"},"_links":{"self":[{"href":"https:\/\/carretillasdelsegria.com\/en\/wp-json\/wp\/v2\/product\/2463","targetHints":{"allow":["GET"]}}],"collection":[{"href":"https:\/\/carretillasdelsegria.com\/en\/wp-json\/wp\/v2\/product"}],"about":[{"href":"https:\/\/carretillasdelsegria.com\/en\/wp-json\/wp\/v2\/types\/product"}],"wp:featuredmedia":[{"embeddable":true,"href":"https:\/\/carretillasdelsegria.com\/en\/wp-json\/wp\/v2\/media\/2228"}],"wp:attachment":[{"href":"https:\/\/carretillasdelsegria.com\/en\/wp-json\/wp\/v2\/media?parent=2463"}],"wp:term":[{"taxonomy":"product_brand","embeddable":true,"href":"https:\/\/carretillasdelsegria.com\/en\/wp-json\/wp\/v2\/product_brand?post=2463"},{"taxonomy":"product_cat","embeddable":true,"href":"https:\/\/carretillasdelsegria.com\/en\/wp-json\/wp\/v2\/product_cat?post=2463"},{"taxonomy":"product_tag","embeddable":true,"href":"https:\/\/carretillasdelsegria.com\/en\/wp-json\/wp\/v2\/product_tag?post=2463"}],"curies":[{"name":"wp","href":"https:\/\/api.w.org\/{rel}","templated":true}]}}