{"id":2457,"date":"2023-02-02T15:59:59","date_gmt":"2023-02-02T14:59:59","guid":{"rendered":"https:\/\/carretillasdelsegria.com\/tienda\/uncategorized\/es-12-n03-es-16-n02\/"},"modified":"2023-02-20T15:16:00","modified_gmt":"2023-02-20T14:16:00","slug":"es-12-n03-es-16-n02","status":"publish","type":"product","link":"https:\/\/carretillasdelsegria.com\/en\/store\/new-machines\/stackers\/es-12-n03-es-16-n02\/","title":{"rendered":"ES 12-N03 &#8211; ES 16-N02"},"content":{"rendered":"<p>Los apiladores de palets Baoli ES 12-N03 y ES 16-N02 son perfectos para el transporte y almacenamiento de cargas de 1200 a 1600 kg.<\/p>\n<p>El ES 12-N03 cuenta con una bater\u00eda de plomo de 24 V \/ 180 Ah. El ES16-N02 est\u00e1 equipado con una bater\u00eda de mayor capacidad de 24 V \/ 270 Ah.<\/p>\n<p>Gracias al funcionamiento sensible y a los controles de funcionamiento proporcionales, estos apiladores de palets proporcionan una alta eficiencia de manipulaci\u00f3n.<\/p>\n<p>El largo brazo del tim\u00f3n asegura un control \u00f3ptimo y altamente ergon\u00f3mico del veh\u00edculo. Requiere menos fuerza de accionamiento y permite al conductor mantener siempre una distancia \u00f3ptima del veh\u00edculo.<\/p>\n<p>La robusta calidad de construcci\u00f3n y el alto nivel tecnol\u00f3gico hacen de los apiladores de palets ES 12-N03 y ES 16-N02 una aut\u00e9ntica referencia en su sector. Estos apiladores de pal\u00e9s impresionan por su m\u00e1xima eficiencia y sus reducidos costes de mantenimiento.<\/p>\n<ul>\n<li><strong>Capacidad de carga:<\/strong> 1200 &#8211; 1600 kg<\/li>\n<li><strong>Elevaci\u00f3n:<\/strong> 3600 mm<\/li>\n<li><strong>Bater\u00eda:<\/strong> 24 V \/ 180-270 Ah<\/li>\n<\/ul>\n","protected":false},"excerpt":{"rendered":"<p>Los apiladores de palets Baoli ES 12-N03 y ES 16-N02 son perfectos para el transporte y almacenamiento de cargas de 1200 a 1600 kg.<\/p>\n<p>El ES 12-N03 cuenta con una bater\u00eda de plomo de 24 V \/ 180 Ah. El ES16-N02 est\u00e1 equipado con una bater\u00eda de mayor capacidad de 24 V \/ 270 Ah.<\/p>\n<ul>\n<li><strong>Capacidad de carga:<\/strong> 1200 &#8211; 1600 kg<\/li>\n<li><strong>Elevaci\u00f3n:<\/strong> 3600 mm<\/li>\n<li><strong>Bater\u00eda:<\/strong> 24 V \/ 180-270 Ah<\/li>\n<\/ul>\n","protected":false},"featured_media":1936,"template":"","meta":{"_joinchat":[]},"product_brand":[],"product_cat":[171],"product_tag":[],"class_list":{"0":"post-2457","1":"product","2":"type-product","3":"status-publish","4":"has-post-thumbnail","6":"product_cat-stackers","7":"pa_marca-baoli-en","9":"first","10":"instock","11":"taxable","12":"shipping-taxable","13":"product-type-simple"},"_links":{"self":[{"href":"https:\/\/carretillasdelsegria.com\/en\/wp-json\/wp\/v2\/product\/2457","targetHints":{"allow":["GET"]}}],"collection":[{"href":"https:\/\/carretillasdelsegria.com\/en\/wp-json\/wp\/v2\/product"}],"about":[{"href":"https:\/\/carretillasdelsegria.com\/en\/wp-json\/wp\/v2\/types\/product"}],"wp:featuredmedia":[{"embeddable":true,"href":"https:\/\/carretillasdelsegria.com\/en\/wp-json\/wp\/v2\/media\/1936"}],"wp:attachment":[{"href":"https:\/\/carretillasdelsegria.com\/en\/wp-json\/wp\/v2\/media?parent=2457"}],"wp:term":[{"taxonomy":"product_brand","embeddable":true,"href":"https:\/\/carretillasdelsegria.com\/en\/wp-json\/wp\/v2\/product_brand?post=2457"},{"taxonomy":"product_cat","embeddable":true,"href":"https:\/\/carretillasdelsegria.com\/en\/wp-json\/wp\/v2\/product_cat?post=2457"},{"taxonomy":"product_tag","embeddable":true,"href":"https:\/\/carretillasdelsegria.com\/en\/wp-json\/wp\/v2\/product_tag?post=2457"}],"curies":[{"name":"wp","href":"https:\/\/api.w.org\/{rel}","templated":true}]}}