{"id":2456,"date":"2023-02-02T17:00:01","date_gmt":"2023-02-02T16:00:01","guid":{"rendered":"https:\/\/carretillasdelsegria.com\/tienda\/uncategorized\/kbo-01l\/"},"modified":"2023-02-02T17:00:01","modified_gmt":"2023-02-02T16:00:01","slug":"kbo-01l","status":"publish","type":"product","link":"https:\/\/carretillasdelsegria.com\/en\/store\/new-machines\/vertical-order-picker\/kbo-01l\/","title":{"rendered":"KBO 01L"},"content":{"rendered":"<p>El KBO 01L es la nueva carretilla multifuncional de Baoli, que representa una nueva generaci\u00f3n de carretillas elevadoras, capaz de garantizar un manejo \u00f3ptimo en vol\u00famenes m\u00e1s peque\u00f1os. Si se compara con sus competidores, el KBO 01L se destaca por una interfaz realmente intuitiva. De hecho, en lugar de complicados sistemas de giro, nuestra carretilla ofrece un volante muy simple, lo que hace que cualquier movimiento sea muy f\u00e1cil y preciso dentro de pasillos estrechos y curvas.<\/p>\n<p>Esto aumenta mucho la seguridad del operador preservando tambi\u00e9n la mercanc\u00eda. Gracias al dise\u00f1o que tiene; muy compacto y con bajo peso, esta carretilla elevadora es perfecta y est\u00e1 orientada especialmente para pasillos muy estrechos y es realmente ideal para cualquier entorno minorista.<\/p>\n<p>Con una altura de picking de hasta 5,0 m y una capacidad de carga de 90 kg, el KBO siempre garantiza una muy buena eficiencia cuando es necesario recoger mercanc\u00edas o almacenarlas en estantes y estanter\u00edas y cuando se necesita una plataforma elevadora de 3 m.<\/p>\n<p>La seguridad es lo primero, como es habitual en Baoli. Con esta carretilla elevadora, la velocidad de desplazamiento reducida y las puertas bloqueadas autom\u00e1ticamente cuando se levanta la plataforma del operador, los sensores en las manijas para detectar la posici\u00f3n de conducci\u00f3n correcta del operador, el control de emergencia de la funci\u00f3n de elevaci\u00f3n y la v\u00e1lvula de emergencia para bajar la plataforma del operador, son verdaderos factores de seguridad.<\/p>\n<p>Todo es f\u00e1cil y sencillo con esta carretilla elevadora, sin olvidar tambi\u00e9n la comodidad del operador: un puesto de conducci\u00f3n optimizado y ergon\u00f3mico, con la c\u00f3moda plataforma, los compartimentos portaobjetos y los controles intuitivos y de f\u00e1cil uso ya mencionados, que permiten reducir los esfuerzos durante la jornada laboral. Los mandos de tracci\u00f3n proporcionales permiten gestionar perfectamente las funciones de tracci\u00f3n y la plataforma elevadora el\u00e9ctrica de la carretilla.<\/p>\n<p>Cuenta tambi\u00e9n con una bater\u00eda de iones de litio sin mantenimiento y un cargador integrado que garantizan una alta disponibilidad.<\/p>\n<ul>\n<li><strong>Capacidad de carga:<\/strong> 90 kg<\/li>\n<li><strong>Elevaci\u00f3n:<\/strong> 5000 mm<\/li>\n<li><strong>Bater\u00eda:<\/strong> iones de litio de 24 V \/ 135 Ah<\/li>\n<\/ul>\n","protected":false},"excerpt":{"rendered":"<p>El KBO 01L es la nueva carretilla multifuncional de Baoli, que representa una nueva generaci\u00f3n de carretillas elevadoras, capaz de garantizar un manejo \u00f3ptimo en vol\u00famenes m\u00e1s peque\u00f1os. Si se compara con sus competidores, el KBO 01L se destaca por una interfaz realmente intuitiva. De hecho, en lugar de complicados sistemas de giro, nuestra carretilla ofrece un volante muy simple, lo que hace que cualquier movimiento sea muy f\u00e1cil y preciso dentro de pasillos estrechos y curvas.<\/p>\n<ul>\n<li><strong>Capacidad de carga:<\/strong> 90 kg<\/li>\n<li><strong>Elevaci\u00f3n:<\/strong> 5000 mm<\/li>\n<li><strong>Bater\u00eda:<\/strong> iones de litio de 24 V \/ 135 Ah<\/li>\n<\/ul>\n","protected":false},"featured_media":1942,"template":"","meta":{"_joinchat":[]},"product_brand":[],"product_cat":[174],"product_tag":[],"class_list":{"0":"post-2456","1":"product","2":"type-product","3":"status-publish","4":"has-post-thumbnail","6":"product_cat-vertical-order-picker","7":"pa_marca-baoli-en","9":"first","10":"instock","11":"taxable","12":"shipping-taxable","13":"product-type-simple"},"_links":{"self":[{"href":"https:\/\/carretillasdelsegria.com\/en\/wp-json\/wp\/v2\/product\/2456","targetHints":{"allow":["GET"]}}],"collection":[{"href":"https:\/\/carretillasdelsegria.com\/en\/wp-json\/wp\/v2\/product"}],"about":[{"href":"https:\/\/carretillasdelsegria.com\/en\/wp-json\/wp\/v2\/types\/product"}],"wp:featuredmedia":[{"embeddable":true,"href":"https:\/\/carretillasdelsegria.com\/en\/wp-json\/wp\/v2\/media\/1942"}],"wp:attachment":[{"href":"https:\/\/carretillasdelsegria.com\/en\/wp-json\/wp\/v2\/media?parent=2456"}],"wp:term":[{"taxonomy":"product_brand","embeddable":true,"href":"https:\/\/carretillasdelsegria.com\/en\/wp-json\/wp\/v2\/product_brand?post=2456"},{"taxonomy":"product_cat","embeddable":true,"href":"https:\/\/carretillasdelsegria.com\/en\/wp-json\/wp\/v2\/product_cat?post=2456"},{"taxonomy":"product_tag","embeddable":true,"href":"https:\/\/carretillasdelsegria.com\/en\/wp-json\/wp\/v2\/product_tag?post=2456"}],"curies":[{"name":"wp","href":"https:\/\/api.w.org\/{rel}","templated":true}]}}