{"id":2450,"date":"2023-02-02T15:32:23","date_gmt":"2023-02-02T14:32:23","guid":{"rendered":"https:\/\/carretillasdelsegria.com\/tienda\/uncategorized\/ep-15ws\/"},"modified":"2023-02-02T15:32:23","modified_gmt":"2023-02-02T14:32:23","slug":"ep-15ws","status":"publish","type":"product","link":"https:\/\/carretillasdelsegria.com\/en\/store\/new-machines\/pallet-trucks\/ep-15ws\/","title":{"rendered":"EP 15WS"},"content":{"rendered":"<p>La Baoli EP 15WS es una transpaleta el\u00e9ctrica peque\u00f1a y manejable para manipular cargas de hasta 1,5 toneladas a una velocidad de 4,5 km\/h. Esta transpaleta, asequible y con una buena relaci\u00f3n calidad-precio, es la soluci\u00f3n perfecta para las tareas de almac\u00e9n menos exigentes.<\/p>\n<p>La EP 15WS est\u00e1 disponible con una bater\u00eda de iones de litio de hasta 60 Ah. La carga completa de la bater\u00eda se consigue en unas 2,5 horas. La EP 15 WS tambi\u00e9n est\u00e1 disponible con una bater\u00eda de gel de 85 Ah, menos costosa y que no requiere mantenimiento. Ambas bater\u00edas no emiten gases. El chasis ligero pero robusto, junto con el tim\u00f3n ergon\u00f3mico que reduce la fatiga de los brazos, est\u00e1n dise\u00f1ados para un manejo seguro y c\u00f3modo.<\/p>\n<p>Una funci\u00f3n muy intuitiva ayuda a preservar la eficiencia de las bater\u00edas. El controlador electr\u00f3nico de la carretilla bloquea algunas funciones cuando los niveles de carga de la bater\u00eda descienden a determinados niveles: al 15%, se suspende la elevaci\u00f3n de las horquillas, al 5%, se reduce la velocidad de la carretilla y al 2%, la carretilla entra en modo de protecci\u00f3n.<\/p>\n<ul>\n<li><strong>Capacidad de carga:<\/strong> 1500 kg<\/li>\n<li><strong>Bater\u00eda:<\/strong> 24 V \/ 40 &#8211; 60 Ah (Li-ion)<\/li>\n<\/ul>\n","protected":false},"excerpt":{"rendered":"<p>La Baoli EP 15WS es una transpaleta el\u00e9ctrica peque\u00f1a y manejable para manipular cargas de hasta 1,5 toneladas a una velocidad de 4,5 km\/h. Esta transpaleta, asequible y con una buena relaci\u00f3n calidad-precio, es la soluci\u00f3n perfecta para las tareas de almac\u00e9n menos exigentes.<\/p>\n<ul>\n<li><strong>Capacidad de carga:<\/strong> 1500 kg<\/li>\n<li><strong>Bater\u00eda:<\/strong> 24 V \/ 40 &#8211; 60 Ah (Li-ion)<\/li>\n<\/ul>\n","protected":false},"featured_media":1930,"template":"","meta":{"_joinchat":[]},"product_brand":[],"product_cat":[175],"product_tag":[],"class_list":{"0":"post-2450","1":"product","2":"type-product","3":"status-publish","4":"has-post-thumbnail","6":"product_cat-pallet-trucks","7":"pa_marca-baoli-en","9":"first","10":"instock","11":"taxable","12":"shipping-taxable","13":"product-type-simple"},"_links":{"self":[{"href":"https:\/\/carretillasdelsegria.com\/en\/wp-json\/wp\/v2\/product\/2450","targetHints":{"allow":["GET"]}}],"collection":[{"href":"https:\/\/carretillasdelsegria.com\/en\/wp-json\/wp\/v2\/product"}],"about":[{"href":"https:\/\/carretillasdelsegria.com\/en\/wp-json\/wp\/v2\/types\/product"}],"wp:featuredmedia":[{"embeddable":true,"href":"https:\/\/carretillasdelsegria.com\/en\/wp-json\/wp\/v2\/media\/1930"}],"wp:attachment":[{"href":"https:\/\/carretillasdelsegria.com\/en\/wp-json\/wp\/v2\/media?parent=2450"}],"wp:term":[{"taxonomy":"product_brand","embeddable":true,"href":"https:\/\/carretillasdelsegria.com\/en\/wp-json\/wp\/v2\/product_brand?post=2450"},{"taxonomy":"product_cat","embeddable":true,"href":"https:\/\/carretillasdelsegria.com\/en\/wp-json\/wp\/v2\/product_cat?post=2450"},{"taxonomy":"product_tag","embeddable":true,"href":"https:\/\/carretillasdelsegria.com\/en\/wp-json\/wp\/v2\/product_tag?post=2450"}],"curies":[{"name":"wp","href":"https:\/\/api.w.org\/{rel}","templated":true}]}}