{"id":2447,"date":"2023-02-02T16:52:53","date_gmt":"2023-02-02T15:52:53","guid":{"rendered":"https:\/\/carretillasdelsegria.com\/tienda\/uncategorized\/es-10-n01\/"},"modified":"2023-02-20T15:15:58","modified_gmt":"2023-02-20T14:15:58","slug":"es-10-n01","status":"publish","type":"product","link":"https:\/\/carretillasdelsegria.com\/en\/store\/new-machines\/stackers\/es-10-n01\/","title":{"rendered":"ES 10-N01"},"content":{"rendered":"<p>La ES 10-N01 es la elecci\u00f3n perfecta para situaciones de trabajo de baja intensidad. Es compacta y funcional y puede manejar cargas de hasta 1000 kg. La transpaleta tiene una c\u00f3moda disposici\u00f3n de 4 puntos de apoyo y un tim\u00f3n lateral ergon\u00f3mico para una buena estabilidad y rendimiento de conducci\u00f3n.<\/p>\n<p>La ES 10-N01 est\u00e1 equipada con bater\u00edas de autom\u00f3vil de 2\u00d712 V \/ 85 Ah con cargadores de bater\u00eda integrados y cuenta con un indicador de carga de la bater\u00eda con funci\u00f3n de desconexi\u00f3n de la elevaci\u00f3n. Esto garantiza la m\u00e1xima flexibilidad a la hora de utilizar el apilador de pal\u00e9s.<\/p>\n<p>El apilador de pal\u00e9s ES 10-N01 est\u00e1 disponible con m\u00e1stiles de elevaci\u00f3n de hasta 3,5 metros para garantizar la m\u00e1xima visibilidad y una alta fiabilidad.<\/p>\n<p>Las horquillas est\u00e1n disponibles en diferentes tama\u00f1os. Vers\u00e1til y f\u00e1cil de usar, el ES 10-N01 es el dispositivo inteligente de Baoli para la manipulaci\u00f3n de mercanc\u00edas de baja intensidad.<\/p>\n<ul>\n<li><strong>Capacidad de carga:<\/strong> 1000 kg<\/li>\n<li><strong>Elevaci\u00f3n:<\/strong> 3500 mm<\/li>\n<li><strong>Bater\u00eda:<\/strong> 2&#215;12 V \/ 85 Ah<\/li>\n<\/ul>\n","protected":false},"excerpt":{"rendered":"<p>La ES 10-N01 es la elecci\u00f3n perfecta para situaciones de trabajo de baja intensidad. Es compacta y funcional y puede manejar cargas de hasta 1000 kg. La transpaleta tiene una c\u00f3moda disposici\u00f3n de 4 puntos de apoyo y un tim\u00f3n lateral ergon\u00f3mico para una buena estabilidad y rendimiento de conducci\u00f3n.<\/p>\n<ul>\n<li><strong>Capacidad de carga:<\/strong> 1000 kg<\/li>\n<li><strong>Elevaci\u00f3n:<\/strong> 3500 mm<\/li>\n<li><strong>Bater\u00eda:<\/strong> 2&#215;12 V \/ 85 Ah<\/li>\n<\/ul>\n","protected":false},"featured_media":1940,"template":"","meta":{"_joinchat":[]},"product_brand":[],"product_cat":[171],"product_tag":[],"class_list":{"0":"post-2447","1":"product","2":"type-product","3":"status-publish","4":"has-post-thumbnail","6":"product_cat-stackers","7":"pa_marca-baoli-en","9":"first","10":"instock","11":"taxable","12":"shipping-taxable","13":"product-type-simple"},"_links":{"self":[{"href":"https:\/\/carretillasdelsegria.com\/en\/wp-json\/wp\/v2\/product\/2447","targetHints":{"allow":["GET"]}}],"collection":[{"href":"https:\/\/carretillasdelsegria.com\/en\/wp-json\/wp\/v2\/product"}],"about":[{"href":"https:\/\/carretillasdelsegria.com\/en\/wp-json\/wp\/v2\/types\/product"}],"wp:featuredmedia":[{"embeddable":true,"href":"https:\/\/carretillasdelsegria.com\/en\/wp-json\/wp\/v2\/media\/1940"}],"wp:attachment":[{"href":"https:\/\/carretillasdelsegria.com\/en\/wp-json\/wp\/v2\/media?parent=2447"}],"wp:term":[{"taxonomy":"product_brand","embeddable":true,"href":"https:\/\/carretillasdelsegria.com\/en\/wp-json\/wp\/v2\/product_brand?post=2447"},{"taxonomy":"product_cat","embeddable":true,"href":"https:\/\/carretillasdelsegria.com\/en\/wp-json\/wp\/v2\/product_cat?post=2447"},{"taxonomy":"product_tag","embeddable":true,"href":"https:\/\/carretillasdelsegria.com\/en\/wp-json\/wp\/v2\/product_tag?post=2447"}],"curies":[{"name":"wp","href":"https:\/\/api.w.org\/{rel}","templated":true}]}}