{"id":2446,"date":"2023-02-02T15:08:50","date_gmt":"2023-02-02T14:08:50","guid":{"rendered":"https:\/\/carretillasdelsegria.com\/tienda\/uncategorized\/ep-16-n01-ep20-n04-ep-25-n02\/"},"modified":"2023-02-22T11:37:23","modified_gmt":"2023-02-22T10:37:23","slug":"ep-20-n04-standard","status":"publish","type":"product","link":"https:\/\/carretillasdelsegria.com\/en\/store\/new-machines\/pallet-trucks\/ep-20-n04-standard\/","title":{"rendered":"EP 20 N04 Standard"},"content":{"rendered":"<p>La transpaleta EP 20-N04, con una capacidad de carga respectiva de 2000 kg, son perfectas para la carga y descarga de veh\u00edculos y para cualquier tipo de manipulaci\u00f3n de intensidad media. Su alta calidad de construcci\u00f3n y su excelente contenido tecnol\u00f3gico hacen de estas transpaletas un aut\u00e9ntico referente en su sector. La EP 20-N04 garantiza la m\u00e1xima eficiencia y la reducci\u00f3n de los costes de mantenimiento.<\/p>\n<p>El largo brazo del tim\u00f3n proporciona un control \u00f3ptimo y muy ergon\u00f3mico del veh\u00edculo. Requiere menos fuerza de accionamiento y permite al conductor mantener una distancia \u00f3ptima del veh\u00edculo.<\/p>\n<p>Los componentes de alta calidad, la construcci\u00f3n robusta y el mantenimiento simplificado hacen de las transpaletas de esta serie unas compa\u00f1eras fiables para cualquier tipo de uso.<\/p>\n<ul>\n<li><strong>Capacidad de carga:<\/strong> 2000 kg<\/li>\n<li><strong>Bater\u00eda:<\/strong> 24 V \/160-210-350 Ah<\/li>\n<\/ul>\n","protected":false},"excerpt":{"rendered":"<p>La transpaleta EP 20-N04, con una capacidad de carga respectiva de 2000 kg, son perfectas para la carga y descarga de veh\u00edculos y para cualquier tipo de manipulaci\u00f3n de intensidad media. Su alta calidad de construcci\u00f3n y su excelente contenido tecnol\u00f3gico hacen de estas transpaletas un aut\u00e9ntico referente en su sector. La EP 20-N04 garantiza la m\u00e1xima eficiencia y la reducci\u00f3n de los costes de mantenimiento.<\/p>\n<ul>\n<li><strong>Capacidad de carga:<\/strong> 2000 kg<\/li>\n<li><strong>Bater\u00eda:<\/strong> 24 V \/160-210-350 Ah<\/li>\n<\/ul>\n","protected":false},"featured_media":1928,"template":"","meta":{"_joinchat":[]},"product_brand":[],"product_cat":[175],"product_tag":[],"class_list":{"0":"post-2446","1":"product","2":"type-product","3":"status-publish","4":"has-post-thumbnail","6":"product_cat-pallet-trucks","7":"pa_marca-baoli-en","9":"first","10":"instock","11":"taxable","12":"shipping-taxable","13":"product-type-simple"},"_links":{"self":[{"href":"https:\/\/carretillasdelsegria.com\/en\/wp-json\/wp\/v2\/product\/2446","targetHints":{"allow":["GET"]}}],"collection":[{"href":"https:\/\/carretillasdelsegria.com\/en\/wp-json\/wp\/v2\/product"}],"about":[{"href":"https:\/\/carretillasdelsegria.com\/en\/wp-json\/wp\/v2\/types\/product"}],"wp:featuredmedia":[{"embeddable":true,"href":"https:\/\/carretillasdelsegria.com\/en\/wp-json\/wp\/v2\/media\/1928"}],"wp:attachment":[{"href":"https:\/\/carretillasdelsegria.com\/en\/wp-json\/wp\/v2\/media?parent=2446"}],"wp:term":[{"taxonomy":"product_brand","embeddable":true,"href":"https:\/\/carretillasdelsegria.com\/en\/wp-json\/wp\/v2\/product_brand?post=2446"},{"taxonomy":"product_cat","embeddable":true,"href":"https:\/\/carretillasdelsegria.com\/en\/wp-json\/wp\/v2\/product_cat?post=2446"},{"taxonomy":"product_tag","embeddable":true,"href":"https:\/\/carretillasdelsegria.com\/en\/wp-json\/wp\/v2\/product_tag?post=2446"}],"curies":[{"name":"wp","href":"https:\/\/api.w.org\/{rel}","templated":true}]}}