{"id":2436,"date":"2023-02-02T13:26:33","date_gmt":"2023-02-02T12:26:33","guid":{"rendered":"https:\/\/carretillasdelsegria.com\/tienda\/uncategorized\/kbd-g-40-50s\/"},"modified":"2023-02-15T13:26:25","modified_gmt":"2023-02-15T12:26:25","slug":"kbd-g-40-50s","status":"publish","type":"product","link":"https:\/\/carretillasdelsegria.com\/en\/store\/new-machines\/diesel-forklifts\/kbd-g-40-50s\/","title":{"rendered":"KBD\/G 40-50S"},"content":{"rendered":"<p>Para aplicaciones m\u00e1s pesadas, Baoli ofrece las carretillas elevadoras KBD 40 y KBD 50S con motor diesel y las KBG 40 y KBG 50S con motor GLP. Estas carretillas est\u00e1n disponibles con capacidades de carga de 4,0 y 5,0 toneladas a 500 mm de centro de carga.<\/p>\n<p>Las KBD\/G 40-50S est\u00e1n disponibles con motores Deutz y Doosan que cumplen la normativa EU5. Para los mercados en los que no se requiere la conformidad CE, es posible seleccionar motores Isuzu, Mitsubishi o Weichai Diesel y motores PSI LPG.<\/p>\n<p>La KBD 40-50S es extremadamente vers\u00e1til y puede utilizarse en entornos de trabajo duro, as\u00ed como en manipulaciones muy precisas. Est\u00e1 equipado con una transmisi\u00f3n muy precisa, desarrollada por Baoli utilizando tecnolog\u00edas de KION Group, y se caracteriza por una buena visibilidad en cualquier direcci\u00f3n y un lugar de trabajo confortable.<\/p>\n<p>Los KBD\/G 40-50S son muy maniobrables. Est\u00e1n equipados con importantes ayudas a la conducci\u00f3n: el selector electr\u00f3nico del sentido de la marcha, palancas hidr\u00e1ulicas de f\u00e1cil acceso, un tablero de instrumentos con pantalla multifunci\u00f3n y el pedal de freno de estacionamiento. El KBD\/G 40-50S est\u00e1 dise\u00f1ado para convertirse en la referencia en t\u00e9rminos de estabilidad en su segmento de mercado. Las elevadas capacidades residuales se traducen en una mayor seguridad de la carretilla. Un dise\u00f1o optimizado y sencillo garantiza la facilidad de las operaciones de mantenimiento.<\/p>\n<ul>\n<li><strong>Capacidad de carga:<\/strong> 4000 &#8211; 5000 kg<\/li>\n<li><strong>Elevaci\u00f3n:<\/strong> 6000 mm<\/li>\n<\/ul>\n","protected":false},"excerpt":{"rendered":"<p>Para aplicaciones m\u00e1s pesadas, Baoli ofrece las carretillas elevadoras KBD 40 y KBD 50S con motor diesel y las KBG 40 y KBG 50S con motor GLP. Estas carretillas est\u00e1n disponibles con capacidades de carga de 4,0 y 5,0 toneladas a 500 mm de centro de carga.<\/p>\n<p>Las KBD\/G 40-50S est\u00e1n disponibles con motores Deutz y Doosan que cumplen la normativa EU5. Para los mercados en los que no se requiere la conformidad CE, es posible seleccionar motores Isuzu, Mitsubishi o Weichai Diesel y motores PSI LPG.<\/p>\n<ul>\n<li><strong>Capacidad de carga:<\/strong> 4000 &#8211; 5000 kg<\/li>\n<li><strong>Elevaci\u00f3n:<\/strong> 6000 mm<\/li>\n<\/ul>\n","protected":false},"featured_media":1917,"template":"","meta":{"_joinchat":[]},"product_brand":[],"product_cat":[172],"product_tag":[],"class_list":{"0":"post-2436","1":"product","2":"type-product","3":"status-publish","4":"has-post-thumbnail","6":"product_cat-diesel-forklifts","7":"pa_marca-baoli-en","9":"first","10":"instock","11":"taxable","12":"shipping-taxable","13":"product-type-simple"},"_links":{"self":[{"href":"https:\/\/carretillasdelsegria.com\/en\/wp-json\/wp\/v2\/product\/2436","targetHints":{"allow":["GET"]}}],"collection":[{"href":"https:\/\/carretillasdelsegria.com\/en\/wp-json\/wp\/v2\/product"}],"about":[{"href":"https:\/\/carretillasdelsegria.com\/en\/wp-json\/wp\/v2\/types\/product"}],"wp:featuredmedia":[{"embeddable":true,"href":"https:\/\/carretillasdelsegria.com\/en\/wp-json\/wp\/v2\/media\/1917"}],"wp:attachment":[{"href":"https:\/\/carretillasdelsegria.com\/en\/wp-json\/wp\/v2\/media?parent=2436"}],"wp:term":[{"taxonomy":"product_brand","embeddable":true,"href":"https:\/\/carretillasdelsegria.com\/en\/wp-json\/wp\/v2\/product_brand?post=2436"},{"taxonomy":"product_cat","embeddable":true,"href":"https:\/\/carretillasdelsegria.com\/en\/wp-json\/wp\/v2\/product_cat?post=2436"},{"taxonomy":"product_tag","embeddable":true,"href":"https:\/\/carretillasdelsegria.com\/en\/wp-json\/wp\/v2\/product_tag?post=2436"}],"curies":[{"name":"wp","href":"https:\/\/api.w.org\/{rel}","templated":true}]}}