{"id":2431,"date":"2023-02-02T13:36:50","date_gmt":"2023-02-02T12:36:50","guid":{"rendered":"https:\/\/carretillasdelsegria.com\/tienda\/uncategorized\/kbd-g-25-35\/"},"modified":"2023-02-15T13:24:39","modified_gmt":"2023-02-15T12:24:39","slug":"kbd-g-25-35","status":"publish","type":"product","link":"https:\/\/carretillasdelsegria.com\/en\/store\/new-machines\/diesel-forklifts\/kbd-g-25-35\/","title":{"rendered":"KBD\/G 25\/35+"},"content":{"rendered":"<p>Las carretillas elevadoras KBD\/G 25\/35+ est\u00e1n dise\u00f1adas para ofrecer una alta productividad y una excelente fiabilidad.<\/p>\n<p>Las KBD+ est\u00e1n disponibles con capacidades de carga de 2,5, 3,0 y 3,5 toneladas y equipadas con motores diesel. El potente motor Doosan, que cumple con la norma EU5, es adecuado para los mercados que exigen la conformidad CE. Los motores Isuzu y Mitsubishi est\u00e1n disponibles para los mercados en los que no se exige la conformidad CE. El modelo KBG+ ofrece las mismas capacidades que el modelo KBD+ con alimentaci\u00f3n de GLP. El motor GLP de Doosan, que cumple con la norma EU5, es la opci\u00f3n adecuada para los mercados que requieren la conformidad CE. El motor GLP GCT puede seleccionarse para los mercados en los que no se requiere la conformidad CE.<\/p>\n<p>Las KBD+ y KBG+ son carretillas vers\u00e1tiles para m\u00faltiples aplicaciones. El di\u00e1metro reducido del volante garantiza una buena maniobrabilidad.<\/p>\n<p>La cabina totalmente suspendida reduce las vibraciones procedentes del suelo y garantiza el confort del conductor. La cabina est\u00e1 dise\u00f1ada para garantizar la m\u00e1xima visibilidad y, en consecuencia, aumenta la seguridad. Los KBD+ y KBG+ son la elecci\u00f3n perfecta para quienes buscan un producto robusto y de calidad.<\/p>\n<p>Las carretillas KBD\/G 25\/35+ est\u00e1n equipadas con transmisi\u00f3n hidrodin\u00e1mica suministrada por KION Group. La forma particular del contrapeso mejora la visibilidad al conducir en reversa, aumentando as\u00ed la seguridad. Las carretillas est\u00e1n equipadas con importantes ayudas a la conducci\u00f3n: el selector electr\u00f3nico del sentido de la marcha, las palancas hidr\u00e1ulicas de f\u00e1cil acceso, un cuadro de mandos con pantalla multifunci\u00f3n y el pedal del freno de estacionamiento.<\/p>\n<p>La calidad de los componentes y la buena accesibilidad para las operaciones de mantenimiento garantizan una fiabilidad extraordinaria.<\/p>\n<ul>\n<li><strong>Capacidad de carga:<\/strong> 2500 &#8211; 3500 kg<\/li>\n<li><strong>Elevaci\u00f3n:<\/strong> 6000 mm<\/li>\n<\/ul>\n","protected":false},"excerpt":{"rendered":"<p>Las carretillas elevadoras KBD\/G 25\/35+ est\u00e1n dise\u00f1adas para ofrecer una alta productividad y una excelente fiabilidad.<\/p>\n<p>Las KBD+ est\u00e1n disponibles con capacidades de carga de 2,5, 3,0 y 3,5 toneladas y equipadas con motores diesel. El potente motor Doosan, que cumple con la norma EU5, es adecuado para los mercados que exigen la conformidad CE. Los motores Isuzu y Mitsubishi est\u00e1n disponibles para los mercados en los que no se exige la conformidad CE. El modelo KBG+ ofrece las mismas capacidades que el modelo KBD+ con alimentaci\u00f3n de GLP.<\/p>\n<ul>\n<li><strong>Capacidad de carga:<\/strong> 2500 &#8211; 3500 kg<\/li>\n<li><strong>Elevaci\u00f3n:<\/strong> 6000 mm<\/li>\n<\/ul>\n","protected":false},"featured_media":1920,"template":"","meta":{"_joinchat":[]},"product_brand":[],"product_cat":[172],"product_tag":[],"class_list":{"0":"post-2431","1":"product","2":"type-product","3":"status-publish","4":"has-post-thumbnail","6":"product_cat-diesel-forklifts","7":"pa_marca-baoli-en","9":"first","10":"instock","11":"taxable","12":"shipping-taxable","13":"product-type-simple"},"_links":{"self":[{"href":"https:\/\/carretillasdelsegria.com\/en\/wp-json\/wp\/v2\/product\/2431","targetHints":{"allow":["GET"]}}],"collection":[{"href":"https:\/\/carretillasdelsegria.com\/en\/wp-json\/wp\/v2\/product"}],"about":[{"href":"https:\/\/carretillasdelsegria.com\/en\/wp-json\/wp\/v2\/types\/product"}],"wp:featuredmedia":[{"embeddable":true,"href":"https:\/\/carretillasdelsegria.com\/en\/wp-json\/wp\/v2\/media\/1920"}],"wp:attachment":[{"href":"https:\/\/carretillasdelsegria.com\/en\/wp-json\/wp\/v2\/media?parent=2431"}],"wp:term":[{"taxonomy":"product_brand","embeddable":true,"href":"https:\/\/carretillasdelsegria.com\/en\/wp-json\/wp\/v2\/product_brand?post=2431"},{"taxonomy":"product_cat","embeddable":true,"href":"https:\/\/carretillasdelsegria.com\/en\/wp-json\/wp\/v2\/product_cat?post=2431"},{"taxonomy":"product_tag","embeddable":true,"href":"https:\/\/carretillasdelsegria.com\/en\/wp-json\/wp\/v2\/product_tag?post=2431"}],"curies":[{"name":"wp","href":"https:\/\/api.w.org\/{rel}","templated":true}]}}