{"id":2429,"date":"2023-02-02T13:45:06","date_gmt":"2023-02-02T12:45:06","guid":{"rendered":"https:\/\/carretillasdelsegria.com\/tienda\/uncategorized\/kbd-g-15-20\/"},"modified":"2023-02-20T15:15:58","modified_gmt":"2023-02-20T14:15:58","slug":"kbd-g-15-20","status":"publish","type":"product","link":"https:\/\/carretillasdelsegria.com\/en\/store\/new-machines\/diesel-forklifts\/kbd-g-15-20\/","title":{"rendered":"KBD\/G 15-20+"},"content":{"rendered":"<p>Las carretillas elevadoras KBD\/G 15-20+ est\u00e1n disponibles con capacidades de carga de 1,5, 1,8 y 2,0 toneladas. Sencillas y robustas, est\u00e1n dise\u00f1adas para proporcionar productividad y una estabilidad extraordinaria.<\/p>\n<p>Las KBD+ est\u00e1n equipadas con motores Doosan Diesel EU5. Para los mercados en los que no se requiere la conformidad CE, tambi\u00e9n est\u00e1 disponible un motor diesel de Isuzu.<\/p>\n<p>Las KBG+ est\u00e1n disponibles con motores GLP Deutz que cumplen la normativa CE y con motores GLP GCT para los mercados en los que no se exige la conformidad CE.<\/p>\n<p>Las carretillas KBD\/G 15-20+ son vers\u00e1tiles e ideales para m\u00faltiples aplicaciones.<\/p>\n<p>Una buena maniobrabilidad y un comportamiento de conducci\u00f3n suave est\u00e1n garantizados por la transmisi\u00f3n hidrodin\u00e1mica de KION. La excelente estabilidad garantiza altas capacidades de carga y seguridad en todas las condiciones de uso. Los KBD+ y KBG+ son la elecci\u00f3n perfecta para quien busca un producto robusto y de calidad.<\/p>\n<p>Las carretillas KBD+ y KBG+ est\u00e1n equipadas con importantes ayudas a la conducci\u00f3n: el selector electr\u00f3nico del sentido de la marcha, las palancas hidr\u00e1ulicas de f\u00e1cil acceso, un tablero de instrumentos con pantalla multifunci\u00f3n y el pedal de freno de estacionamiento. La espaciosa cabina est\u00e1 dise\u00f1ada para garantizar la m\u00e1xima visibilidad y un buen confort para el conductor.<\/p>\n<p>La calidad de los componentes y la buena accesibilidad para las operaciones de mantenimiento garantizan una fiabilidad extraordinaria.<\/p>\n<ul>\n<li><strong>Capacidad de carga:<\/strong> 1500 &#8211; 2000 kg<\/li>\n<li><strong>Elevaci\u00f3n:<\/strong> 6000 mm<\/li>\n<\/ul>\n","protected":false},"excerpt":{"rendered":"<p>Las carretillas elevadoras KBD\/G 15-20+ est\u00e1n disponibles con capacidades de carga de 1,5, 1,8 y 2,0 toneladas. Sencillas y robustas, est\u00e1n dise\u00f1adas para proporcionar productividad y una estabilidad extraordinaria.<\/p>\n<p>Las KBD+ est\u00e1n equipadas con motores Doosan Diesel EU5. Para los mercados en los que no se requiere la conformidad CE, tambi\u00e9n est\u00e1 disponible un motor diesel de Isuzu.<\/p>\n<ul>\n<li><strong>Capacidad de carga:<\/strong> 1500 &#8211; 2000 kg<\/li>\n<li><strong>Elevaci\u00f3n:<\/strong> 6000 mm<\/li>\n<\/ul>\n","protected":false},"featured_media":1923,"template":"","meta":{"_joinchat":[]},"product_brand":[],"product_cat":[172],"product_tag":[],"class_list":{"0":"post-2429","1":"product","2":"type-product","3":"status-publish","4":"has-post-thumbnail","6":"product_cat-diesel-forklifts","7":"pa_marca-baoli-en","9":"first","10":"instock","11":"taxable","12":"shipping-taxable","13":"product-type-simple"},"_links":{"self":[{"href":"https:\/\/carretillasdelsegria.com\/en\/wp-json\/wp\/v2\/product\/2429","targetHints":{"allow":["GET"]}}],"collection":[{"href":"https:\/\/carretillasdelsegria.com\/en\/wp-json\/wp\/v2\/product"}],"about":[{"href":"https:\/\/carretillasdelsegria.com\/en\/wp-json\/wp\/v2\/types\/product"}],"wp:featuredmedia":[{"embeddable":true,"href":"https:\/\/carretillasdelsegria.com\/en\/wp-json\/wp\/v2\/media\/1923"}],"wp:attachment":[{"href":"https:\/\/carretillasdelsegria.com\/en\/wp-json\/wp\/v2\/media?parent=2429"}],"wp:term":[{"taxonomy":"product_brand","embeddable":true,"href":"https:\/\/carretillasdelsegria.com\/en\/wp-json\/wp\/v2\/product_brand?post=2429"},{"taxonomy":"product_cat","embeddable":true,"href":"https:\/\/carretillasdelsegria.com\/en\/wp-json\/wp\/v2\/product_cat?post=2429"},{"taxonomy":"product_tag","embeddable":true,"href":"https:\/\/carretillasdelsegria.com\/en\/wp-json\/wp\/v2\/product_tag?post=2429"}],"curies":[{"name":"wp","href":"https:\/\/api.w.org\/{rel}","templated":true}]}}