{"id":2427,"date":"2023-02-02T12:54:34","date_gmt":"2023-02-02T11:54:34","guid":{"rendered":"https:\/\/carretillasdelsegria.com\/tienda\/uncategorized\/kbd-50-100\/"},"modified":"2023-02-20T15:15:58","modified_gmt":"2023-02-20T14:15:58","slug":"kbd-50-100","status":"publish","type":"product","link":"https:\/\/carretillasdelsegria.com\/en\/store\/new-machines\/diesel-forklifts\/kbd-50-100\/","title":{"rendered":"KBD 50-100"},"content":{"rendered":"<p>Las carretillas elevadoras KBD 50-100 est\u00e1n disponibles con capacidades de carga de 5,0, 6,0, 7,0 y 10,0 toneladas a 600 mm de centro de carga. Est\u00e1n equipadas con potentes motores Doosan EU5 para los mercados con requisitos de conformidad CE, y con un motor Isuzu para los mercados en los que no se exige la conformidad CE. Las KBD 50-100 est\u00e1n dise\u00f1adas para aplicaciones pesadas. Son carretillas sencillas, fiables y de f\u00e1cil mantenimiento.<\/p>\n<p>El amplio y robusto techo protector, colocado encima del gran asiento del conductor, ofrece una gran visibilidad incluso con las cargas m\u00e1s altas. La transmisi\u00f3n fiable y de alta calidad garantiza un alto nivel de conducci\u00f3n y confort. La serie KBD 50-100 es la elecci\u00f3n perfecta para quienes buscan un producto robusto y de calidad sin opciones innecesarias.<\/p>\n<p>Una amplia gama de opciones permite a los clientes encontrar la combinaci\u00f3n perfecta para su propia aplicaci\u00f3n. Incluye la cabina completa con limpiaparabrisas y el ventilador interno, la calefacci\u00f3n, el aire acondicionado, el escape vertical, la quinta v\u00e1lvula para el sistema hidr\u00e1ulico y la selecci\u00f3n electr\u00f3nica del sentido de la marcha. Con una selecci\u00f3n de conceptos de funcionamiento, la serie Baoli KBD 50-100 ofrece la soluci\u00f3n adecuada para todos los conductores. Las carretillas son ideales para cualquier aplicaci\u00f3n de trabajo pesado.<\/p>\n<ul>\n<li><strong>Capacidad de carga:<\/strong> 5000 &#8211; 10000 kg<\/li>\n<li><strong>Elevaci\u00f3n:<\/strong> 6000 mm<\/li>\n<\/ul>\n","protected":false},"excerpt":{"rendered":"<p>Las carretillas elevadoras KBD 50-100 est\u00e1n disponibles con capacidades de carga de 5,0, 6,0, 7,0 y 10,0 toneladas a 600 mm de centro de carga. Est\u00e1n equipadas con potentes motores Doosan EU5 para los mercados con requisitos de conformidad CE, y con un motor Isuzu para los mercados en los que no se exige la conformidad CE. Las KBD 50-100 est\u00e1n dise\u00f1adas para aplicaciones pesadas. Son carretillas sencillas, fiables y de f\u00e1cil mantenimiento.<\/p>\n<ul>\n<li><strong>Capacidad de carga:<\/strong> 5000 &#8211; 10000 kg<\/li>\n<li><strong>Elevaci\u00f3n:<\/strong> 6000 mm<\/li>\n<\/ul>\n","protected":false},"featured_media":1914,"template":"","meta":{"_joinchat":[]},"product_brand":[],"product_cat":[172],"product_tag":[],"class_list":{"0":"post-2427","1":"product","2":"type-product","3":"status-publish","4":"has-post-thumbnail","6":"product_cat-diesel-forklifts","7":"pa_marca-baoli-en","9":"first","10":"instock","11":"taxable","12":"shipping-taxable","13":"product-type-simple"},"_links":{"self":[{"href":"https:\/\/carretillasdelsegria.com\/en\/wp-json\/wp\/v2\/product\/2427","targetHints":{"allow":["GET"]}}],"collection":[{"href":"https:\/\/carretillasdelsegria.com\/en\/wp-json\/wp\/v2\/product"}],"about":[{"href":"https:\/\/carretillasdelsegria.com\/en\/wp-json\/wp\/v2\/types\/product"}],"wp:featuredmedia":[{"embeddable":true,"href":"https:\/\/carretillasdelsegria.com\/en\/wp-json\/wp\/v2\/media\/1914"}],"wp:attachment":[{"href":"https:\/\/carretillasdelsegria.com\/en\/wp-json\/wp\/v2\/media?parent=2427"}],"wp:term":[{"taxonomy":"product_brand","embeddable":true,"href":"https:\/\/carretillasdelsegria.com\/en\/wp-json\/wp\/v2\/product_brand?post=2427"},{"taxonomy":"product_cat","embeddable":true,"href":"https:\/\/carretillasdelsegria.com\/en\/wp-json\/wp\/v2\/product_cat?post=2427"},{"taxonomy":"product_tag","embeddable":true,"href":"https:\/\/carretillasdelsegria.com\/en\/wp-json\/wp\/v2\/product_tag?post=2427"}],"curies":[{"name":"wp","href":"https:\/\/api.w.org\/{rel}","templated":true}]}}