{"id":2422,"date":"2023-02-02T10:16:52","date_gmt":"2023-02-02T09:16:52","guid":{"rendered":"https:\/\/carretillasdelsegria.com\/tienda\/uncategorized\/nano-sp\/"},"modified":"2023-02-02T10:16:52","modified_gmt":"2023-02-02T09:16:52","slug":"nano-sp","status":"publish","type":"product","link":"https:\/\/carretillasdelsegria.com\/en\/store\/single-person-lifting-platforms\/self-propelled\/nano-sp\/","title":{"rendered":"NANO SP"},"content":{"rendered":"<p><strong>AUTOPROPULSADA<\/strong><\/p>\n<p><strong>Aplicaciones:<\/strong> Uso en interiores y exteriores. Fontaner\u00eda. Mantenimiento e ingenier\u00eda. Limpieza. Pintura. Sector minorista. FM. Todos los trabajos que exijan un mayor alcance y una huella de peque\u00f1as dimensiones.<\/p>\n<p><strong>Caracter\u00edsticas principales<\/strong><\/p>\n<ul>\n<li>Totalmente autopropulsada, incluso cuando est\u00e1 completamente elevada<\/li>\n<li>Palanca de mando simple e intuitiva para todas las funciones<\/li>\n<li>Radio de giro cero<\/li>\n<li>Altura de trabajo de 4.5 m<\/li>\n<li>Solo 500 kg, puede trabajar en suelos t\u00e9cnico con l\u00edneas de datos (aprobada para Kingspan\u00ae)<\/li>\n<li>Se puede transportar con veh\u00edculos con trampilla elevadora est\u00e1ndar de 500 kg<\/li>\n<li>Ultracompacta, solo 750 mm x 1220 mm de huella<\/li>\n<li>Plataforma de gran tama\u00f1o, 1500 mm x 730 mm (con la extensi\u00f3n)<\/li>\n<li>Extensi\u00f3n de 500 mm para alcance por encima de cualquier obstrucci\u00f3n<\/li>\n<li>Protecci\u00f3n autom\u00e1tica frente a baches<\/li>\n<\/ul>\n","protected":false},"excerpt":{"rendered":"<p><strong>AUTOPROPULSADA<\/strong><\/p>\n<p><strong>Aplicaciones:<\/strong> Uso en interiores y exteriores. Fontaner\u00eda. Mantenimiento e ingenier\u00eda. Limpieza. Pintura. Sector minorista. FM. Todos los trabajos que exijan un mayor alcance y una huella de peque\u00f1as dimensiones.<\/p>\n","protected":false},"featured_media":1887,"template":"","meta":{"_joinchat":[]},"product_brand":[],"product_cat":[177],"product_tag":[],"class_list":{"0":"post-2422","1":"product","2":"type-product","3":"status-publish","4":"has-post-thumbnail","6":"product_cat-self-propelled","7":"pa_marca-jlg-power-towers","9":"first","10":"instock","11":"taxable","12":"shipping-taxable","13":"product-type-simple"},"_links":{"self":[{"href":"https:\/\/carretillasdelsegria.com\/en\/wp-json\/wp\/v2\/product\/2422","targetHints":{"allow":["GET"]}}],"collection":[{"href":"https:\/\/carretillasdelsegria.com\/en\/wp-json\/wp\/v2\/product"}],"about":[{"href":"https:\/\/carretillasdelsegria.com\/en\/wp-json\/wp\/v2\/types\/product"}],"wp:featuredmedia":[{"embeddable":true,"href":"https:\/\/carretillasdelsegria.com\/en\/wp-json\/wp\/v2\/media\/1887"}],"wp:attachment":[{"href":"https:\/\/carretillasdelsegria.com\/en\/wp-json\/wp\/v2\/media?parent=2422"}],"wp:term":[{"taxonomy":"product_brand","embeddable":true,"href":"https:\/\/carretillasdelsegria.com\/en\/wp-json\/wp\/v2\/product_brand?post=2422"},{"taxonomy":"product_cat","embeddable":true,"href":"https:\/\/carretillasdelsegria.com\/en\/wp-json\/wp\/v2\/product_cat?post=2422"},{"taxonomy":"product_tag","embeddable":true,"href":"https:\/\/carretillasdelsegria.com\/en\/wp-json\/wp\/v2\/product_tag?post=2422"}],"curies":[{"name":"wp","href":"https:\/\/api.w.org\/{rel}","templated":true}]}}