{"id":2419,"date":"2023-02-02T09:39:41","date_gmt":"2023-02-02T08:39:41","guid":{"rendered":"https:\/\/carretillasdelsegria.com\/tienda\/uncategorized\/sprint\/"},"modified":"2023-02-02T09:39:41","modified_gmt":"2023-02-02T08:39:41","slug":"sprint","status":"publish","type":"product","link":"https:\/\/carretillasdelsegria.com\/en\/store\/single-person-lifting-platforms\/self-propelled\/sprint\/","title":{"rendered":"SPRINT"},"content":{"rendered":"<p>Innovador preparador de pedidos capaz de sustituir por completo las escaleras tradicionales alcanza una altura de trabajo de 5,35M, logra completar una rotaci\u00f3n completa sobre su eje, panel de control equipado con una gran pantalla LCD que muestra el estado del veh\u00edculo, el tiempo de funcionamiento del sistema y el estado de la bater\u00eda a trav\u00e9s de un indicador de carga.<\/p>\n<p>Bater\u00edas de ciclo alto que permiten una gran cantidad de ciclos de elevaci\u00f3n\/descenso. Sprint es un recoge pedidos innovador y vers\u00e1til que aumenta la productividad y la eficiencia al ofrecer est\u00e1ndares de seguridad superiores. El innovador sistema de elevaci\u00f3n es el resultado de la cuidadosa selecci\u00f3n de componentes de calidad y dise\u00f1o extremadamente simple pero efectivo, hacen que el Sprint pr\u00e1cticamente no requiera mantenimiento, dise\u00f1ado para garantizar un bajo costo de propiedad.<\/p>\n","protected":false},"excerpt":{"rendered":"<p>Innovador preparador de pedidos capaz de sustituir por completo las escaleras tradicionales alcanza una altura de trabajo de 5,35M, logra completar una rotaci\u00f3n completa sobre su eje, panel de control equipado con una gran pantalla LCD que muestra el estado del veh\u00edculo, el tiempo de funcionamiento del sistema y el estado de la bater\u00eda a trav\u00e9s de un indicador de carga.<\/p>\n","protected":false},"featured_media":1879,"template":"","meta":{"_joinchat":[]},"product_brand":[],"product_cat":[177],"product_tag":[],"class_list":{"0":"post-2419","1":"product","2":"type-product","3":"status-publish","4":"has-post-thumbnail","6":"product_cat-self-propelled","7":"pa_marca-bravi","9":"first","10":"instock","11":"taxable","12":"shipping-taxable","13":"product-type-simple"},"_links":{"self":[{"href":"https:\/\/carretillasdelsegria.com\/en\/wp-json\/wp\/v2\/product\/2419","targetHints":{"allow":["GET"]}}],"collection":[{"href":"https:\/\/carretillasdelsegria.com\/en\/wp-json\/wp\/v2\/product"}],"about":[{"href":"https:\/\/carretillasdelsegria.com\/en\/wp-json\/wp\/v2\/types\/product"}],"wp:featuredmedia":[{"embeddable":true,"href":"https:\/\/carretillasdelsegria.com\/en\/wp-json\/wp\/v2\/media\/1879"}],"wp:attachment":[{"href":"https:\/\/carretillasdelsegria.com\/en\/wp-json\/wp\/v2\/media?parent=2419"}],"wp:term":[{"taxonomy":"product_brand","embeddable":true,"href":"https:\/\/carretillasdelsegria.com\/en\/wp-json\/wp\/v2\/product_brand?post=2419"},{"taxonomy":"product_cat","embeddable":true,"href":"https:\/\/carretillasdelsegria.com\/en\/wp-json\/wp\/v2\/product_cat?post=2419"},{"taxonomy":"product_tag","embeddable":true,"href":"https:\/\/carretillasdelsegria.com\/en\/wp-json\/wp\/v2\/product_tag?post=2419"}],"curies":[{"name":"wp","href":"https:\/\/api.w.org\/{rel}","templated":true}]}}