{"id":2417,"date":"2023-01-31T15:13:46","date_gmt":"2023-01-31T14:13:46","guid":{"rendered":"https:\/\/carretillasdelsegria.com\/tienda\/uncategorized\/kbe-15-18\/"},"modified":"2023-02-20T15:16:00","modified_gmt":"2023-02-20T14:16:00","slug":"kbe-15-18","status":"publish","type":"product","link":"https:\/\/carretillasdelsegria.com\/en\/store\/new-machines\/electric-forklifts\/kbe-15-18\/","title":{"rendered":"KBE 15-18"},"content":{"rendered":"<p>Las carretillas el\u00e9ctricas de cuatro ruedas KBE 15-18 con alimentaci\u00f3n de 48 V est\u00e1n disponibles con capacidades de carga de 1,5 y 1,8 toneladas. Estas carretillas robustas y fiables garantizan la productividad y la econom\u00eda de uso.<\/p>\n<p>Las KBE 15-18 est\u00e1n equipadas con frenado el\u00e9ctrico autom\u00e1tico para garantizar la seguridad de la conducci\u00f3n y recuperar parte de la energ\u00eda de frenado.<\/p>\n<p>Las principales funciones de conducci\u00f3n de la KBE 15-18 son parametrizables. En la pantalla, el conductor puede elegir entre un perfil de rendimiento reducido para un manejo m\u00e1s delicado y un perfil m\u00e1s potente para un manejo en el patio. El asiento elevado garantiza una excelente visibilidad en todas las direcciones de conducci\u00f3n y al manipular cargas elevadas.<\/p>\n<p>Los motores de accionamiento y elevaci\u00f3n, as\u00ed como el controlador electr\u00f3nico, son fabricados por un productor mundial de componentes electr\u00f3nicos de alta calidad. El controlador electr\u00f3nico, el coraz\u00f3n&#8221; de la carretilla elevadora, controla con precisi\u00f3n todas las funciones de la carretilla y permite el comportamiento de conducci\u00f3n tan preciso de esta serie.<\/p>\n<p>El sencillo dise\u00f1o de la KBE 15-18 garantiza una buena accesibilidad a todos los componentes y facilita las operaciones de mantenimiento&#8221;.<\/p>\n<ul>\n<li><strong>Capacidad de carga:<\/strong> 1500 &#8211; 1800 kg<\/li>\n<li><strong>Elevaci\u00f3n:<\/strong> 6000 mm<\/li>\n<li><strong>Bater\u00eda:<\/strong> 48 V \/ 400 &#8211; 440 &#8211; 480 Ah<\/li>\n<\/ul>\n","protected":false},"excerpt":{"rendered":"<p>Las carretillas el\u00e9ctricas de cuatro ruedas KBE 15-18 con alimentaci\u00f3n de 48 V est\u00e1n disponibles con capacidades de carga de 1,5 y 1,8 toneladas. Estas carretillas robustas y fiables garantizan la productividad y la econom\u00eda de uso.<\/p>\n<p>Las KBE 15-18 est\u00e1n equipadas con frenado el\u00e9ctrico autom\u00e1tico para garantizar la seguridad de la conducci\u00f3n y recuperar parte de la energ\u00eda de frenado.<\/p>\n<ul>\n<li><strong>Capacidad de carga:<\/strong> 1500 &#8211; 1800 kg<\/li>\n<li><strong>Elevaci\u00f3n:<\/strong> 6000 mm<\/li>\n<li><strong>Bater\u00eda:<\/strong> 48 V \/ 400 &#8211; 440 &#8211; 480 Ah<\/li>\n<\/ul>\n","protected":false},"featured_media":1867,"template":"","meta":{"_joinchat":[]},"product_brand":[],"product_cat":[173],"product_tag":[],"class_list":{"0":"post-2417","1":"product","2":"type-product","3":"status-publish","4":"has-post-thumbnail","6":"product_cat-electric-forklifts","7":"pa_marca-baoli-en","9":"first","10":"instock","11":"taxable","12":"shipping-taxable","13":"product-type-simple"},"_links":{"self":[{"href":"https:\/\/carretillasdelsegria.com\/en\/wp-json\/wp\/v2\/product\/2417","targetHints":{"allow":["GET"]}}],"collection":[{"href":"https:\/\/carretillasdelsegria.com\/en\/wp-json\/wp\/v2\/product"}],"about":[{"href":"https:\/\/carretillasdelsegria.com\/en\/wp-json\/wp\/v2\/types\/product"}],"wp:featuredmedia":[{"embeddable":true,"href":"https:\/\/carretillasdelsegria.com\/en\/wp-json\/wp\/v2\/media\/1867"}],"wp:attachment":[{"href":"https:\/\/carretillasdelsegria.com\/en\/wp-json\/wp\/v2\/media?parent=2417"}],"wp:term":[{"taxonomy":"product_brand","embeddable":true,"href":"https:\/\/carretillasdelsegria.com\/en\/wp-json\/wp\/v2\/product_brand?post=2417"},{"taxonomy":"product_cat","embeddable":true,"href":"https:\/\/carretillasdelsegria.com\/en\/wp-json\/wp\/v2\/product_cat?post=2417"},{"taxonomy":"product_tag","embeddable":true,"href":"https:\/\/carretillasdelsegria.com\/en\/wp-json\/wp\/v2\/product_tag?post=2417"}],"curies":[{"name":"wp","href":"https:\/\/api.w.org\/{rel}","templated":true}]}}