{"id":2416,"date":"2023-01-31T15:03:00","date_gmt":"2023-01-31T14:03:00","guid":{"rendered":"https:\/\/carretillasdelsegria.com\/tienda\/uncategorized\/kbe-25-35\/"},"modified":"2023-02-20T15:16:01","modified_gmt":"2023-02-20T14:16:01","slug":"kbe-25-35","status":"publish","type":"product","link":"https:\/\/carretillasdelsegria.com\/en\/store\/new-machines\/electric-forklifts\/kbe-25-35\/","title":{"rendered":"KBE 25-35"},"content":{"rendered":"<p>La serie KBE 25-35 es la carretilla perfecta para todas las aplicaciones est\u00e1ndar, ya que a\u00fana productividad, alta calidad y rentabilidad.<\/p>\n<p>Fabricada en la planta de producci\u00f3n de KION de \u00faltima generaci\u00f3n en Jinan, el KBE 25-35 est\u00e1 disponible con capacidades de carga de 2,5, 3,0 y 3,5 t y es la elecci\u00f3n perfecta para casi todas las industrias.<\/p>\n<p>Una mano de obra solvente combinada con una atenci\u00f3n inquebrantable a la normativa CE garantiza una carretilla de calidad s\u00f3lida para los clientes cuya seguridad es siempre una prioridad.<\/p>\n<p>El m\u00e1stil de nuevo dise\u00f1o, de hasta 6.500 mm de altura, garantiza a los operadores un control de manipulaci\u00f3n muy preciso y una excelente visibilidad de la carga y los alrededores.<\/p>\n<p>El controlador KION de \u00faltima generaci\u00f3n gestiona las funciones de la carretilla, extrayendo la energ\u00eda de bater\u00edas de 80V\/360-450Ah (2,5t) y 80V\/500-600Ah (3,0-3,5t).<\/p>\n<p>Los motores el\u00e9ctricos y componentes hidr\u00e1ulicos JULI de alta calidad y la pantalla de f\u00e1cil lectura, que proporciona al conductor informaci\u00f3n importante sobre el estado de la carretilla, garantizan una mayor comodidad y fiabilidad.<\/p>\n<p>Para procedimientos de mantenimiento fluidos, la carretilla proporciona f\u00e1cil acceso a todos los componentes. El KBE cuenta con una herramienta de diagn\u00f3stico recientemente desarrollada, operada a trav\u00e9s de una aplicaci\u00f3n en cualquier tel\u00e9fono inteligente est\u00e1ndar<\/p>\n<ul>\n<li><strong>Capacidad de carga:<\/strong> 2500 &#8211; 3500 kg @ 500 mm<\/li>\n<li><strong>Elevaci\u00f3n:<\/strong> 6500 mm<\/li>\n<li><strong>Bater\u00eda:<\/strong> 80 V \/ 360 &#8211; 600 Ah<\/li>\n<\/ul>\n","protected":false},"excerpt":{"rendered":"<p>La serie KBE 25-35 es la carretilla perfecta para todas las aplicaciones est\u00e1ndar, ya que a\u00fana productividad, alta calidad y rentabilidad.<\/p>\n<p>Fabricada en la planta de producci\u00f3n de KION de \u00faltima generaci\u00f3n en Jinan, el KBE 25-35 est\u00e1 disponible con capacidades de carga de 2,5, 3,0 y 3,5 t y es la elecci\u00f3n perfecta para casi todas las industrias.<\/p>\n<ul>\n<li><strong>Capacidad de carga:<\/strong> 2500 &#8211; 3500 kg @ 500 mm<\/li>\n<li><strong>Elevaci\u00f3n:<\/strong> 6500 mm<\/li>\n<li><strong>Bater\u00eda:<\/strong> 80 V \/ 360 &#8211; 600 Ah<\/li>\n<\/ul>\n","protected":false},"featured_media":1864,"template":"","meta":{"_joinchat":[]},"product_brand":[],"product_cat":[173],"product_tag":[],"class_list":{"0":"post-2416","1":"product","2":"type-product","3":"status-publish","4":"has-post-thumbnail","6":"product_cat-electric-forklifts","7":"pa_marca-baoli-en","9":"first","10":"instock","11":"taxable","12":"shipping-taxable","13":"product-type-simple"},"_links":{"self":[{"href":"https:\/\/carretillasdelsegria.com\/en\/wp-json\/wp\/v2\/product\/2416","targetHints":{"allow":["GET"]}}],"collection":[{"href":"https:\/\/carretillasdelsegria.com\/en\/wp-json\/wp\/v2\/product"}],"about":[{"href":"https:\/\/carretillasdelsegria.com\/en\/wp-json\/wp\/v2\/types\/product"}],"wp:featuredmedia":[{"embeddable":true,"href":"https:\/\/carretillasdelsegria.com\/en\/wp-json\/wp\/v2\/media\/1864"}],"wp:attachment":[{"href":"https:\/\/carretillasdelsegria.com\/en\/wp-json\/wp\/v2\/media?parent=2416"}],"wp:term":[{"taxonomy":"product_brand","embeddable":true,"href":"https:\/\/carretillasdelsegria.com\/en\/wp-json\/wp\/v2\/product_brand?post=2416"},{"taxonomy":"product_cat","embeddable":true,"href":"https:\/\/carretillasdelsegria.com\/en\/wp-json\/wp\/v2\/product_cat?post=2416"},{"taxonomy":"product_tag","embeddable":true,"href":"https:\/\/carretillasdelsegria.com\/en\/wp-json\/wp\/v2\/product_tag?post=2416"}],"curies":[{"name":"wp","href":"https:\/\/api.w.org\/{rel}","templated":true}]}}