{"id":2415,"date":"2023-01-31T13:58:23","date_gmt":"2023-01-31T12:58:23","guid":{"rendered":"https:\/\/carretillasdelsegria.com\/tienda\/uncategorized\/kbe-30-35\/"},"modified":"2023-02-20T15:15:58","modified_gmt":"2023-02-20T14:15:58","slug":"kbe-30-35","status":"publish","type":"product","link":"https:\/\/carretillasdelsegria.com\/en\/store\/new-machines\/electric-forklifts\/kbe-30-35\/","title":{"rendered":"KBE 30-35"},"content":{"rendered":"<p>Las carretillas el\u00e9ctricas de cuatro ruedas KBE 30-35 est\u00e1n disponibles con capacidades de carga de 3,0 y 3,5 toneladas y est\u00e1n equipadas con un potente motor de 80 V. Las robustas y seguras KBE 30-35 proporcionan un manejo y una productividad ideales. Gracias a su sencillo manejo y mantenimiento, las Baoli KBE 30-35 garantizan la m\u00e1xima satisfacci\u00f3n del cliente.<\/p>\n<p>Todas las funciones principales de conducci\u00f3n son parametrizables. El conductor puede elegir directamente, a trav\u00e9s de una pantalla electr\u00f3nica intuitiva, un perfil de rendimiento reducido para un manejo m\u00e1s delicado y un perfil m\u00e1s potente para el manejo del patio. El asiento en posici\u00f3n elevada garantiza una buena visibilidad en todas las direcciones de conducci\u00f3n.<\/p>\n<p>Las carretillas KBE 30-35 tambi\u00e9n est\u00e1n equipadas con frenado el\u00e9ctrico autom\u00e1tico. Garantiza la seguridad de la conducci\u00f3n y recupera parte de la energ\u00eda de frenado.<\/p>\n<p>El controlador electr\u00f3nico, el accionamiento y los motores de elevaci\u00f3n, fabricados por un productor mundial de alta calidad, garantizan una excelente fiabilidad en cualquier entorno de trabajo.<\/p>\n<p>El dise\u00f1o, muy sencillo, asegura un f\u00e1cil acceso a todos los componentes y facilita las operaciones de mantenimiento.<\/p>\n<ul>\n<li><strong>Capacidad de carga:<\/strong> 3000 &#8211; 3500 kg<\/li>\n<li><strong>Elevaci\u00f3n:<\/strong> 6500 mm<\/li>\n<li><strong>Bater\u00eda:<\/strong> 80 V \/ 500 &#8211; 600 Ah<\/li>\n<\/ul>\n","protected":false},"excerpt":{"rendered":"<p>Las carretillas el\u00e9ctricas de cuatro ruedas KBE 30-35 est\u00e1n disponibles con capacidades de carga de 3,0 y 3,5 toneladas y est\u00e1n equipadas con un potente motor de 80 V. Las robustas y seguras KBE 30-35 proporcionan un manejo y una productividad ideales. Gracias a su sencillo manejo y mantenimiento, las Baoli KBE 30-35 garantizan la m\u00e1xima satisfacci\u00f3n del cliente.<\/p>\n<ul>\n<li><strong>Capacidad de carga:<\/strong> 3000 &#8211; 3500 kg<\/li>\n<li><strong>Elevaci\u00f3n:<\/strong> 6500 mm<\/li>\n<li><strong>Bater\u00eda:<\/strong> 80 V \/ 500 &#8211; 600 Ah<\/li>\n<\/ul>\n","protected":false},"featured_media":1860,"template":"","meta":{"_joinchat":[]},"product_brand":[],"product_cat":[173],"product_tag":[],"class_list":{"0":"post-2415","1":"product","2":"type-product","3":"status-publish","4":"has-post-thumbnail","6":"product_cat-electric-forklifts","7":"pa_marca-baoli-en","9":"first","10":"instock","11":"taxable","12":"shipping-taxable","13":"product-type-simple"},"_links":{"self":[{"href":"https:\/\/carretillasdelsegria.com\/en\/wp-json\/wp\/v2\/product\/2415","targetHints":{"allow":["GET"]}}],"collection":[{"href":"https:\/\/carretillasdelsegria.com\/en\/wp-json\/wp\/v2\/product"}],"about":[{"href":"https:\/\/carretillasdelsegria.com\/en\/wp-json\/wp\/v2\/types\/product"}],"wp:featuredmedia":[{"embeddable":true,"href":"https:\/\/carretillasdelsegria.com\/en\/wp-json\/wp\/v2\/media\/1860"}],"wp:attachment":[{"href":"https:\/\/carretillasdelsegria.com\/en\/wp-json\/wp\/v2\/media?parent=2415"}],"wp:term":[{"taxonomy":"product_brand","embeddable":true,"href":"https:\/\/carretillasdelsegria.com\/en\/wp-json\/wp\/v2\/product_brand?post=2415"},{"taxonomy":"product_cat","embeddable":true,"href":"https:\/\/carretillasdelsegria.com\/en\/wp-json\/wp\/v2\/product_cat?post=2415"},{"taxonomy":"product_tag","embeddable":true,"href":"https:\/\/carretillasdelsegria.com\/en\/wp-json\/wp\/v2\/product_tag?post=2415"}],"curies":[{"name":"wp","href":"https:\/\/api.w.org\/{rel}","templated":true}]}}