{"id":2414,"date":"2023-01-31T13:31:15","date_gmt":"2023-01-31T12:31:15","guid":{"rendered":"https:\/\/carretillasdelsegria.com\/tienda\/uncategorized\/gv-vesuvio\/"},"modified":"2023-01-31T13:31:15","modified_gmt":"2023-01-31T12:31:15","slug":"gv-vesuvio","status":"publish","type":"product","link":"https:\/\/carretillasdelsegria.com\/en\/store\/industrial-cleaning-machines\/steam-generators\/gv-vesuvio\/","title":{"rendered":"GV VESUVIO"},"content":{"rendered":"<p><strong>GENERADOR DE VAPOR<\/strong><\/p>\n<ul>\n<li>Fabricaci\u00f3n en acero inoxidable<\/li>\n<li>Ruedas id\u00f3neas para ambientes alimentarios.<\/li>\n<li>La caldera puede rellenarse en continuo desde el dep\u00f3sito.<\/li>\n<li>Regulador de temperatura.<\/li>\n<li>V\u00e1lvula de descarga.<\/li>\n<li>Man\u00f3memtro.<\/li>\n<li>Dispositivo para utilizar productos qu\u00edmicos y detergentes mezclados con vapor.<\/li>\n<li>Precalentamiento 6 minutos<\/li>\n<li>Control de baja tensi\u00f3n, con controles.<\/li>\n<li>Panel de control ON\/OFF, regulador de tempreraturas, luz de advertencia del dep\u00f3sito de agua, tecla de activaci\u00f3n de la caldera, llave de activaci\u00f3n de la pistola.<\/li>\n<li>Vapor saturado con presi\u00f3n 10 bar\/ temperatura 180\u00baC<\/li>\n<\/ul>\n<p>\u00c9ste sistema de vapor se corresponde para el uso en restauraci\u00f3n, hospitalidad, comunidad, asistencia sanitaria e industria.<\/p>\n","protected":false},"excerpt":{"rendered":"<p>\u00c9ste sistema de vapor se corresponde para el uso en restauraci\u00f3n, hospitalidad, comunidad, asistencia sanitaria e industria.<\/p>\n<ul>\n<li>Fabricaci\u00f3n en acero inoxidable<\/li>\n<li>Ruedas id\u00f3neas para ambientes alimentarios.<\/li>\n<li>La caldera puede rellenarse en continuo desde el dep\u00f3sito.<\/li>\n<li>Regulador de temperatura.<\/li>\n<li>V\u00e1lvula de descarga.<\/li>\n<li>Man\u00f3memtro.<\/li>\n<\/ul>\n","protected":false},"featured_media":3971,"template":"","meta":{"_joinchat":[]},"product_brand":[],"product_cat":[167],"product_tag":[],"class_list":{"0":"post-2414","1":"product","2":"type-product","3":"status-publish","4":"has-post-thumbnail","6":"product_cat-steam-generators","7":"pa_marca-lavor-pro","9":"first","10":"instock","11":"taxable","12":"shipping-taxable","13":"product-type-simple"},"_links":{"self":[{"href":"https:\/\/carretillasdelsegria.com\/en\/wp-json\/wp\/v2\/product\/2414","targetHints":{"allow":["GET"]}}],"collection":[{"href":"https:\/\/carretillasdelsegria.com\/en\/wp-json\/wp\/v2\/product"}],"about":[{"href":"https:\/\/carretillasdelsegria.com\/en\/wp-json\/wp\/v2\/types\/product"}],"wp:featuredmedia":[{"embeddable":true,"href":"https:\/\/carretillasdelsegria.com\/en\/wp-json\/wp\/v2\/media\/3971"}],"wp:attachment":[{"href":"https:\/\/carretillasdelsegria.com\/en\/wp-json\/wp\/v2\/media?parent=2414"}],"wp:term":[{"taxonomy":"product_brand","embeddable":true,"href":"https:\/\/carretillasdelsegria.com\/en\/wp-json\/wp\/v2\/product_brand?post=2414"},{"taxonomy":"product_cat","embeddable":true,"href":"https:\/\/carretillasdelsegria.com\/en\/wp-json\/wp\/v2\/product_cat?post=2414"},{"taxonomy":"product_tag","embeddable":true,"href":"https:\/\/carretillasdelsegria.com\/en\/wp-json\/wp\/v2\/product_tag?post=2414"}],"curies":[{"name":"wp","href":"https:\/\/api.w.org\/{rel}","templated":true}]}}