{"id":2412,"date":"2023-01-31T13:14:52","date_gmt":"2023-01-31T12:14:52","guid":{"rendered":"https:\/\/carretillasdelsegria.com\/tienda\/uncategorized\/metis\/"},"modified":"2023-01-31T13:14:52","modified_gmt":"2023-01-31T12:14:52","slug":"metis","status":"publish","type":"product","link":"https:\/\/carretillasdelsegria.com\/en\/store\/industrial-cleaning-machines\/steam-generators\/metis\/","title":{"rendered":"METIS"},"content":{"rendered":"<p><strong>GENERADOR DE VAPOR CON CALDERA DIESEL<\/strong><\/p>\n<ul>\n<li>Caldera vertical, con serpentin de alto rendimiento.<\/li>\n<li>Motor auxiliar para ventilaci\u00f3n de la caldera.<\/li>\n<li>V\u00e1lvula de descarga que permite una descarga completa de la caldera.<\/li>\n<li>Regulador de temperatura (puesta a punto por regulador electr\u00f3nico)<\/li>\n<li>Man\u00f3metro de vapor.<\/li>\n<li>Indicador de bajo nivel de combustible.<\/li>\n<li>Bomba de combustible con doble tubo.<\/li>\n<li>Panel de control f\u00e1cil de usar.<\/li>\n<li>La unidad se puede rellenar continuamente.<\/li>\n<li>Equipado con dos salidas para el trabajo simult\u00e1neo de dos operadores diferentes.<\/li>\n<li>10 BAR\/ 178 \u00baC<\/li>\n<\/ul>\n<p>Ideal para eliminaci\u00f3n de grasa y suciedad adherida, deja superficies limpias y brillantes. Limpieza y desinfecci\u00f3n r\u00e1pida de alfonbrillas sin mojar. La limpieza es f\u00e1cil, utiliza la acci\u00f3n de limpieza y desengrase de vapor de alta temperatura, y recoge los residuos con un pa\u00f1o de microfibra. Se puede utilizar en vidrios y superficies delicadas, para interiores de vehiculos y partes de dif\u00edcil acceso.<\/p>\n","protected":false},"excerpt":{"rendered":"<p>Ideal para eliminaci\u00f3n de grasa y suciedad adherida, deja superficies limpias y brillantes. Limpieza y desinfecci\u00f3n r\u00e1pida de alfonbrillas sin mojar. La limpieza es f\u00e1cil, utiliza la acci\u00f3n de limpieza y desengrase de vapor de alta temperatura, y recoge los residuos con un pa\u00f1o de microfibra. Se puede utilizar en vidrios y superficies delicadas, para interiores de vehiculos y partes de dif\u00edcil acceso.<\/p>\n","protected":false},"featured_media":3986,"template":"","meta":{"_joinchat":[]},"product_brand":[],"product_cat":[167],"product_tag":[],"class_list":{"0":"post-2412","1":"product","2":"type-product","3":"status-publish","4":"has-post-thumbnail","6":"product_cat-steam-generators","7":"pa_marca-lavor-pro","9":"first","10":"instock","11":"taxable","12":"shipping-taxable","13":"product-type-simple"},"_links":{"self":[{"href":"https:\/\/carretillasdelsegria.com\/en\/wp-json\/wp\/v2\/product\/2412","targetHints":{"allow":["GET"]}}],"collection":[{"href":"https:\/\/carretillasdelsegria.com\/en\/wp-json\/wp\/v2\/product"}],"about":[{"href":"https:\/\/carretillasdelsegria.com\/en\/wp-json\/wp\/v2\/types\/product"}],"wp:featuredmedia":[{"embeddable":true,"href":"https:\/\/carretillasdelsegria.com\/en\/wp-json\/wp\/v2\/media\/3986"}],"wp:attachment":[{"href":"https:\/\/carretillasdelsegria.com\/en\/wp-json\/wp\/v2\/media?parent=2412"}],"wp:term":[{"taxonomy":"product_brand","embeddable":true,"href":"https:\/\/carretillasdelsegria.com\/en\/wp-json\/wp\/v2\/product_brand?post=2412"},{"taxonomy":"product_cat","embeddable":true,"href":"https:\/\/carretillasdelsegria.com\/en\/wp-json\/wp\/v2\/product_cat?post=2412"},{"taxonomy":"product_tag","embeddable":true,"href":"https:\/\/carretillasdelsegria.com\/en\/wp-json\/wp\/v2\/product_tag?post=2412"}],"curies":[{"name":"wp","href":"https:\/\/api.w.org\/{rel}","templated":true}]}}