{"id":2411,"date":"2023-01-31T13:05:23","date_gmt":"2023-01-31T12:05:23","guid":{"rendered":"https:\/\/carretillasdelsegria.com\/tienda\/uncategorized\/gv-etna-4-1-foam\/"},"modified":"2023-01-31T13:05:23","modified_gmt":"2023-01-31T12:05:23","slug":"gv-etna-4-1-foam","status":"publish","type":"product","link":"https:\/\/carretillasdelsegria.com\/en\/store\/industrial-cleaning-machines\/steam-generators\/gv-etna-4-1-foam\/","title":{"rendered":"GV ETNA 4.1 FOAM"},"content":{"rendered":"<p><strong>GENERADOR DE VAPOR CON ASPIRACI\u00d3N<\/strong><\/p>\n<ul>\n<li>Cuerpo de acero inoxidable AISI 304.<\/li>\n<li>Vapor luz- advertencia de listo.<\/li>\n<li>Caldera 3KW inox AISI 304 espesor 25\/10.<\/li>\n<li>Indicador de bajo nivel de agua.<\/li>\n<li>La caldera se llena continuamente.<\/li>\n<li>Disdpositivo para usar productos qu\u00edmicos y detrgentes mezclados con vapor.<\/li>\n<li>Filtro de cartucho lavable<\/li>\n<li>Manguera flexible de 4 mts.<\/li>\n<li>Capacidad de dep\u00f3sito de recuperaci\u00f3n 64.<\/li>\n<li>Manguera de desague para l\u00edquido.<\/li>\n<li>Regulaci\u00f3n de vapor.<\/li>\n<li>Ruedas id\u00f3neas para uso en ambientes alimentarios.<\/li>\n<li>Comando de encendido ON\/OFF con indicador luminoso.<\/li>\n<\/ul>\n<p>La GV Etna 4.1 FOAM posee sistema de vapor y sistema de espuma, ideal para el campo de la restauraci\u00f3n, hospitalidad, comunidad y asistencia sanitaria, as\u00ed como en la industria del transporte. En una s\u00f3la m\u00e1quina dispone de generador de vapor, aspirado y sistema de espuma.<\/p>\n","protected":false},"excerpt":{"rendered":"<p>La GV Etna 4.1 FOAM posee sistema de vapor y sistema de espuma, ideal para el campo de la restauraci\u00f3n, hospitalidad, comunidad y asistencia sanitaria, as\u00ed como en la industria del transporte. En una s\u00f3la m\u00e1quina dispone de generador de vapor, aspirado y sistema de espuma.<\/p>\n<ul>\n<li>Cuerpo de acero inoxidable AISI 304.<\/li>\n<li>Vapor luz- advertencia de listo.<\/li>\n<li>Caldera 3KW inox AISI 304 espesor 25\/10.<\/li>\n<li>Indicador de bajo nivel de agua.<\/li>\n<li>La caldera se llena continuamente.<\/li>\n<li>Disdpositivo para usar productos qu\u00edmicos y detrgentes mezclados con vapor.<\/li>\n<\/ul>\n","protected":false},"featured_media":3941,"template":"","meta":{"_joinchat":[]},"product_brand":[],"product_cat":[167],"product_tag":[],"class_list":{"0":"post-2411","1":"product","2":"type-product","3":"status-publish","4":"has-post-thumbnail","6":"product_cat-steam-generators","7":"pa_marca-lavor-pro","9":"first","10":"instock","11":"taxable","12":"shipping-taxable","13":"product-type-simple"},"_links":{"self":[{"href":"https:\/\/carretillasdelsegria.com\/en\/wp-json\/wp\/v2\/product\/2411","targetHints":{"allow":["GET"]}}],"collection":[{"href":"https:\/\/carretillasdelsegria.com\/en\/wp-json\/wp\/v2\/product"}],"about":[{"href":"https:\/\/carretillasdelsegria.com\/en\/wp-json\/wp\/v2\/types\/product"}],"wp:featuredmedia":[{"embeddable":true,"href":"https:\/\/carretillasdelsegria.com\/en\/wp-json\/wp\/v2\/media\/3941"}],"wp:attachment":[{"href":"https:\/\/carretillasdelsegria.com\/en\/wp-json\/wp\/v2\/media?parent=2411"}],"wp:term":[{"taxonomy":"product_brand","embeddable":true,"href":"https:\/\/carretillasdelsegria.com\/en\/wp-json\/wp\/v2\/product_brand?post=2411"},{"taxonomy":"product_cat","embeddable":true,"href":"https:\/\/carretillasdelsegria.com\/en\/wp-json\/wp\/v2\/product_cat?post=2411"},{"taxonomy":"product_tag","embeddable":true,"href":"https:\/\/carretillasdelsegria.com\/en\/wp-json\/wp\/v2\/product_tag?post=2411"}],"curies":[{"name":"wp","href":"https:\/\/api.w.org\/{rel}","templated":true}]}}