{"id":2408,"date":"2023-01-31T12:18:33","date_gmt":"2023-01-31T11:18:33","guid":{"rendered":"https:\/\/carretillasdelsegria.com\/tienda\/uncategorized\/gv-katla\/"},"modified":"2023-01-31T12:18:33","modified_gmt":"2023-01-31T11:18:33","slug":"gv-katla","status":"publish","type":"product","link":"https:\/\/carretillasdelsegria.com\/en\/store\/industrial-cleaning-machines\/steam-generators\/gv-katla\/","title":{"rendered":"GV KATLA"},"content":{"rendered":"<p><strong>GENERADOR DE VAPOR<\/strong><\/p>\n<ul>\n<li>Vapor saturado con presi\u00f3n de 9 bar, con temperatura de 175\u00baC.<\/li>\n<li>Mando de baja tensi\u00f3n en pistola.<\/li>\n<li>Cuerpo de asero inoxidable AISI 304.<\/li>\n<li>Caldera 3 Kw inox AISI 304 espesor 25\/10.<\/li>\n<li>Indicador bajo nivel de agua.<\/li>\n<li>Dispositivo para usar productos quimicos y detergentes mezclados con vapor de agua.<\/li>\n<li>Fase completa de encendido y activaci\u00f3n 7 minutos.<\/li>\n<li> Regulaci\u00f3n de vapor.<\/li>\n<li>V\u00e1lvula de descarga.<\/li>\n<li>Man\u00f3memtro<\/li>\n<li>La caldera se puede rellenar desde el dep\u00f3sito (servicio continuo)<\/li>\n<li>Ruedas idon\u00e9as para su uso en ambientes alimentarioso y \u00e1reas de procesamiento.<\/li>\n<li>Cesta de almacenamiento.<\/li>\n<li>Los campos de uso de \u00e9sta m\u00e1quina son restauraci\u00f3n (industria de la alimentaci\u00f3n, catering, bebidas, bodega), hospitalidad, comunidad y asistencia sanitaria (hospitales, limpieza de edificios , spa &amp; deportes, educaci\u00f3n, etc), industria (industria, transporte, lavadero de coches, consecionarios automovilisticos)<\/li>\n<\/ul>\n","protected":false},"excerpt":{"rendered":"<ul>\n<li>Vapor saturado con presi\u00f3n de 9 bar, con temperatura de 175\u00baC.<\/li>\n<li>Mando de baja tensi\u00f3n en pistola.<\/li>\n<li>Cuerpo de asero inoxidable AISI 304.<\/li>\n<li>Caldera 3 Kw inox AISI 304 espesor 25\/10.<\/li>\n<li>Indicador bajo nivel de agua.<\/li>\n<li>Dispositivo para usar productos quimicos y detergentes mezclados con vapor de agua.<\/li>\n<li>Fase completa de encendido y activaci\u00f3n 7 minutos.<\/li>\n<li> Regulaci\u00f3n de vapor.<\/li>\n<\/ul>\n","protected":false},"featured_media":3950,"template":"","meta":{"_joinchat":[]},"product_brand":[],"product_cat":[167],"product_tag":[],"class_list":{"0":"post-2408","1":"product","2":"type-product","3":"status-publish","4":"has-post-thumbnail","6":"product_cat-steam-generators","7":"pa_marca-lavor-pro","9":"first","10":"instock","11":"taxable","12":"shipping-taxable","13":"product-type-simple"},"_links":{"self":[{"href":"https:\/\/carretillasdelsegria.com\/en\/wp-json\/wp\/v2\/product\/2408","targetHints":{"allow":["GET"]}}],"collection":[{"href":"https:\/\/carretillasdelsegria.com\/en\/wp-json\/wp\/v2\/product"}],"about":[{"href":"https:\/\/carretillasdelsegria.com\/en\/wp-json\/wp\/v2\/types\/product"}],"wp:featuredmedia":[{"embeddable":true,"href":"https:\/\/carretillasdelsegria.com\/en\/wp-json\/wp\/v2\/media\/3950"}],"wp:attachment":[{"href":"https:\/\/carretillasdelsegria.com\/en\/wp-json\/wp\/v2\/media?parent=2408"}],"wp:term":[{"taxonomy":"product_brand","embeddable":true,"href":"https:\/\/carretillasdelsegria.com\/en\/wp-json\/wp\/v2\/product_brand?post=2408"},{"taxonomy":"product_cat","embeddable":true,"href":"https:\/\/carretillasdelsegria.com\/en\/wp-json\/wp\/v2\/product_cat?post=2408"},{"taxonomy":"product_tag","embeddable":true,"href":"https:\/\/carretillasdelsegria.com\/en\/wp-json\/wp\/v2\/product_tag?post=2408"}],"curies":[{"name":"wp","href":"https:\/\/api.w.org\/{rel}","templated":true}]}}