{"id":2404,"date":"2023-01-31T11:46:41","date_gmt":"2023-01-31T10:46:41","guid":{"rendered":"https:\/\/carretillasdelsegria.com\/tienda\/uncategorized\/gv-kone\/"},"modified":"2023-01-31T11:46:41","modified_gmt":"2023-01-31T10:46:41","slug":"gv-kone","status":"publish","type":"product","link":"https:\/\/carretillasdelsegria.com\/en\/store\/industrial-cleaning-machines\/steam-generators\/gv-kone\/","title":{"rendered":"GV KONE"},"content":{"rendered":"<p><strong>GENERADOR DE VAPOR<\/strong><\/p>\n<p>Ideal para tiendas, f\u00e1bricas, oficinas y uso dom\u00e9stico.<\/p>\n<ul>\n<li>Vapor saturado a 4 bar\/143\u00baC de temperatura.<\/li>\n<li>Hervidor 2,3 KW<\/li>\n<li>Tiempo de calentamiento y activaci\u00f3n requerido 10 minutos.<\/li>\n<li>Interruptor de presi\u00f3n<\/li>\n<li>Termosteto doble.<\/li>\n<li>Tap\u00f3n con protecci\u00f3n anti-desenrroscado y v\u00e1lvula de seguridad.<\/li>\n<li>Compartimiento pr\u00e1ctico para accesoriios, con soporte de cable el\u00e9ctrico.<\/li>\n<li>Tablero de control con indicadores luminosos.<\/li>\n<li>Cubiertas anti choque.<\/li>\n<li>Regulaci\u00f3n de vapor.<\/li>\n<li>Termometro.<\/li>\n<li>Cable de alimentaci\u00f3n 6 metros.<\/li>\n<\/ul>\n","protected":false},"excerpt":{"rendered":"<p>Ideal para tiendas, f\u00e1bricas, oficinas y uso dom\u00e9stico.<\/p>\n<ul>\n<li>Vapor saturado a 4 bar\/143\u00baC de temperatura.<\/li>\n<li>Hervidor 2,3 KW<\/li>\n<li>Tiempo de calentamiento y activaci\u00f3n requerido 10 minutos.<\/li>\n<li>Interruptor de presi\u00f3n<\/li>\n<\/ul>\n","protected":false},"featured_media":3962,"template":"","meta":{"_joinchat":[]},"product_brand":[],"product_cat":[167],"product_tag":[],"class_list":{"0":"post-2404","1":"product","2":"type-product","3":"status-publish","4":"has-post-thumbnail","6":"product_cat-steam-generators","7":"pa_marca-lavor-pro","9":"first","10":"instock","11":"taxable","12":"shipping-taxable","13":"product-type-simple"},"_links":{"self":[{"href":"https:\/\/carretillasdelsegria.com\/en\/wp-json\/wp\/v2\/product\/2404","targetHints":{"allow":["GET"]}}],"collection":[{"href":"https:\/\/carretillasdelsegria.com\/en\/wp-json\/wp\/v2\/product"}],"about":[{"href":"https:\/\/carretillasdelsegria.com\/en\/wp-json\/wp\/v2\/types\/product"}],"wp:featuredmedia":[{"embeddable":true,"href":"https:\/\/carretillasdelsegria.com\/en\/wp-json\/wp\/v2\/media\/3962"}],"wp:attachment":[{"href":"https:\/\/carretillasdelsegria.com\/en\/wp-json\/wp\/v2\/media?parent=2404"}],"wp:term":[{"taxonomy":"product_brand","embeddable":true,"href":"https:\/\/carretillasdelsegria.com\/en\/wp-json\/wp\/v2\/product_brand?post=2404"},{"taxonomy":"product_cat","embeddable":true,"href":"https:\/\/carretillasdelsegria.com\/en\/wp-json\/wp\/v2\/product_cat?post=2404"},{"taxonomy":"product_tag","embeddable":true,"href":"https:\/\/carretillasdelsegria.com\/en\/wp-json\/wp\/v2\/product_tag?post=2404"}],"curies":[{"name":"wp","href":"https:\/\/api.w.org\/{rel}","templated":true}]}}