{"id":2399,"date":"2023-01-31T11:01:09","date_gmt":"2023-01-31T10:01:09","guid":{"rendered":"https:\/\/carretillasdelsegria.com\/tienda\/uncategorized\/comfort-s-r\/"},"modified":"2023-02-15T13:04:14","modified_gmt":"2023-02-15T12:04:14","slug":"comfort-s-r","status":"publish","type":"product","link":"https:\/\/carretillasdelsegria.com\/en\/store\/industrial-cleaning-machines\/scrubbers\/comfort-s-r\/","title":{"rendered":"COMFORT S-R"},"content":{"rendered":"<p class=\"descrip\"><strong>FREGADORA OPERADOR A BORDO LAVOPRO<\/strong><\/p>\n<p>Ideal para limpieza de grandes \u00e1reas (hasta 4500 m2).<\/p>\n<ul>\n<li>Rendimiento horario 6200m2\/h<\/li>\n<li>Presi\u00f3n constante de 60\/80 Kg.<\/li>\n<li>Amplia capacidad de carga del dep\u00f3sito (reducci\u00f3n de paradas y m\u00e1ximo rendimiento de carga de la bateria)<\/li>\n<li>M\u00e1xima estabilidad a\u00fan en plena carga.<\/li>\n<li>Tracci\u00f3n delantera con reducido radio de giro.<\/li>\n<li>Ventanilla de inspecci\u00f3n para trabajos peri\u00f3dicos de limpieza.<\/li>\n<li>F\u00e1cil e inmediato acceso a los componentes el\u00e9ctricos.<\/li>\n<li>Dosificdor de detergente.<\/li>\n<li>Dispositivo autom\u00e1tico de elevaci\u00f3n de la boquilla para la marcha atr\u00e1s.<\/li>\n<li>Sistema filtrante integrado en la boquilla.<\/li>\n<li>Dispositivo autom\u00e1tico de detenci\u00f3n de los cepillos e interrupci\u00f3n de distribuci\u00f3n del detergente con la m\u00e1quina parada.<\/li>\n<li>Sistema antiespuma.<\/li>\n<li>Cepillos autoelevaci\u00f3n.<\/li>\n<\/ul>\n","protected":false},"excerpt":{"rendered":"<p class=\"descrip\"><strong>FREGADORA OPERADOR A BORDO LAVOPRO<\/strong><\/p>\n<p>Ideal para limpieza de grandes \u00e1reas (hasta 4500 m2).<\/p>\n<ul>\n<li>Rendimiento horario 6200m2\/h<\/li>\n<li>Presi\u00f3n constante de 60\/80 Kg.<\/li>\n<li>Amplia capacidad de carga del dep\u00f3sito (reducci\u00f3n de paradas y m\u00e1ximo rendimiento de carga de la bateria)<\/li>\n<li>M\u00e1xima estabilidad a\u00fan en plena carga.<\/li>\n<li>Tracci\u00f3n delantera con reducido radio de giro.<\/li>\n<li>Ventanilla de inspecci\u00f3n para trabajos peri\u00f3dicos de limpieza.<\/li>\n<li>F\u00e1cil e inmediato acceso a los componentes el\u00e9ctricos.<\/li>\n<\/ul>\n","protected":false},"featured_media":3796,"template":"","meta":{"_joinchat":[]},"product_brand":[],"product_cat":[166],"product_tag":[],"class_list":{"0":"post-2399","1":"product","2":"type-product","3":"status-publish","4":"has-post-thumbnail","6":"product_cat-scrubbers","7":"pa_marca-lavor-pro","9":"first","10":"instock","11":"taxable","12":"shipping-taxable","13":"product-type-simple"},"_links":{"self":[{"href":"https:\/\/carretillasdelsegria.com\/en\/wp-json\/wp\/v2\/product\/2399","targetHints":{"allow":["GET"]}}],"collection":[{"href":"https:\/\/carretillasdelsegria.com\/en\/wp-json\/wp\/v2\/product"}],"about":[{"href":"https:\/\/carretillasdelsegria.com\/en\/wp-json\/wp\/v2\/types\/product"}],"wp:featuredmedia":[{"embeddable":true,"href":"https:\/\/carretillasdelsegria.com\/en\/wp-json\/wp\/v2\/media\/3796"}],"wp:attachment":[{"href":"https:\/\/carretillasdelsegria.com\/en\/wp-json\/wp\/v2\/media?parent=2399"}],"wp:term":[{"taxonomy":"product_brand","embeddable":true,"href":"https:\/\/carretillasdelsegria.com\/en\/wp-json\/wp\/v2\/product_brand?post=2399"},{"taxonomy":"product_cat","embeddable":true,"href":"https:\/\/carretillasdelsegria.com\/en\/wp-json\/wp\/v2\/product_cat?post=2399"},{"taxonomy":"product_tag","embeddable":true,"href":"https:\/\/carretillasdelsegria.com\/en\/wp-json\/wp\/v2\/product_tag?post=2399"}],"curies":[{"name":"wp","href":"https:\/\/api.w.org\/{rel}","templated":true}]}}