{"id":2398,"date":"2023-01-31T10:52:34","date_gmt":"2023-01-31T09:52:34","guid":{"rendered":"https:\/\/carretillasdelsegria.com\/tienda\/uncategorized\/midi-r-75bt\/"},"modified":"2023-01-31T10:52:34","modified_gmt":"2023-01-31T09:52:34","slug":"midi-r-75bt","status":"publish","type":"product","link":"https:\/\/carretillasdelsegria.com\/en\/store\/industrial-cleaning-machines\/scrubbers\/midi-r-75bt\/","title":{"rendered":"MIDI-R 75BT"},"content":{"rendered":"<h4>FREGADORA LAVOR PRO<\/h4>\n<div>\u2022 Dise\u00f1ado para la limpieza de grandes superficies (hasta 2.600 m\u00b2)<\/div>\n<div>\u2022 Panel de control con mandos de f\u00e1cil uso, regulador velocidad de avance, selector funci\u00f3n de lavado y aspirado, indicador de nivel de carga de la bater\u00eda con acci\u00f3n inhibitoria progresiva en la funci\u00f3n del cepillo, aspiraci\u00f3n y tracci\u00f3n, indicador del sentido de la marcha, llave de encendido general<\/div>\n<div>\u2022 Regulador velocidad de avance<\/div>\n<div>\u2022 Plato de cepillo autonivelante<\/div>\n<div>\u2022 Cofre con cierre autoblocante, desmontable sin necesidad de herramientas<\/div>\n<div>\u2022 Inspecci\u00f3n rapida del motor de aspiraci\u00f3n y del filtro, sin necesidad de herramientas<\/div>\n<div>\u2022 Filtro de la soluci\u00f3n limpiadora \u2022 Rueda con freno directo \u2022 Ruedas sin marca<\/div>\n<div>\u2022 F\u00e1cil regulaci\u00f3n de la boquilla de secado sin necesidad de herramientas<\/div>\n<div>\u2022 Boquilla de secado con sistema anti-golpe<\/div>\n<div>\u2022 Contador de horas de trabajo y electrov\u00e1lvula.<\/div>\n<div><\/div>\n<div>Acceso r\u00e1pido al compartimiento de bater\u00edas y de aspiraci\u00f3n sin uso de herramientas. Deposito en polietileno de alta densidad, resistente a los golpes y \u00e1cidos; gracias a la grande capacidad (88 l.), se puede evitar paradas frecuentes para rellenarlo. Cuatro bater\u00edas x 6V &#8211; 180 Ah C5. La velocidad ajustable asegura una limpieza de alta precisi\u00f3n en \u00e1reas congestionadas. La facilidad de utilizaci\u00f3n del panel de control reduce el tiempo de entrenamiento de los operadores. El disyuntor t\u00e9rmico evita problemas con el motor en caso de sobrecalentamiento debido a un mal uso por parte de operador. La boquilla de secado en forma de V es apropiado para todo tipo de suelos, incluso suelos con juntas larga. Ruedas sin marca para evitar dejar marcas despu\u00e9s del secado. Plenamente adaptable a cualquier super\ufb01cie. Robustas palancas de control mec\u00e1nicas para un uso intensivo. Manguera de drenaje del d\u00e9posito agua de recuperacion para vaciar r\u00e1pido y una mejor limpieza del dep\u00f3sito de recuperaci\u00f3n. Acoplamiento r\u00e1pido para la carga de bater\u00edas<\/div>\n","protected":false},"excerpt":{"rendered":"<p>Acceso r\u00e1pido al compartimiento de bater\u00edas y de aspiraci\u00f3n sin uso de herramientas. Deposito en polietileno de alta densidad, resistente a los golpes y \u00e1cidos; gracias a la grande capacidad (88 l.), se puede evitar paradas frecuentes para rellenarlo. Cuatro bater\u00edas x 6V &#8211; 180 Ah C5. La velocidad ajustable asegura una limpieza de alta precisi\u00f3n en \u00e1reas congestionadas. La facilidad de utilizaci\u00f3n del panel de control reduce el tiempo de entrenamiento de los operadores. El disyuntor t\u00e9rmico evita problemas con el motor en caso de sobrecalentamiento debido a un mal uso por parte de operador. La boquilla de secado en forma de V es apropiado para todo tipo de suelos, incluso suelos con juntas larga. Ruedas sin marca para evitar dejar marcas despu\u00e9s del secado. Plenamente adaptable a cualquier super\ufb01cie. Robustas palancas de control mec\u00e1nicas para un uso intensivo.<\/p>\n","protected":false},"featured_media":1818,"template":"","meta":{"_joinchat":[]},"product_brand":[],"product_cat":[166],"product_tag":[],"class_list":{"0":"post-2398","1":"product","2":"type-product","3":"status-publish","4":"has-post-thumbnail","6":"product_cat-scrubbers","7":"pa_marca-lavor-pro","9":"first","10":"instock","11":"taxable","12":"shipping-taxable","13":"product-type-simple"},"_links":{"self":[{"href":"https:\/\/carretillasdelsegria.com\/en\/wp-json\/wp\/v2\/product\/2398","targetHints":{"allow":["GET"]}}],"collection":[{"href":"https:\/\/carretillasdelsegria.com\/en\/wp-json\/wp\/v2\/product"}],"about":[{"href":"https:\/\/carretillasdelsegria.com\/en\/wp-json\/wp\/v2\/types\/product"}],"wp:featuredmedia":[{"embeddable":true,"href":"https:\/\/carretillasdelsegria.com\/en\/wp-json\/wp\/v2\/media\/1818"}],"wp:attachment":[{"href":"https:\/\/carretillasdelsegria.com\/en\/wp-json\/wp\/v2\/media?parent=2398"}],"wp:term":[{"taxonomy":"product_brand","embeddable":true,"href":"https:\/\/carretillasdelsegria.com\/en\/wp-json\/wp\/v2\/product_brand?post=2398"},{"taxonomy":"product_cat","embeddable":true,"href":"https:\/\/carretillasdelsegria.com\/en\/wp-json\/wp\/v2\/product_cat?post=2398"},{"taxonomy":"product_tag","embeddable":true,"href":"https:\/\/carretillasdelsegria.com\/en\/wp-json\/wp\/v2\/product_tag?post=2398"}],"curies":[{"name":"wp","href":"https:\/\/api.w.org\/{rel}","templated":true}]}}