{"id":2394,"date":"2023-02-02T12:32:40","date_gmt":"2023-02-02T11:32:40","guid":{"rendered":"https:\/\/carretillasdelsegria.com\/tienda\/uncategorized\/dsm-car-desengrasante\/"},"modified":"2023-02-02T12:32:40","modified_gmt":"2023-02-02T11:32:40","slug":"dsm-car-desengrasante","status":"publish","type":"product","link":"https:\/\/carretillasdelsegria.com\/en\/store\/industrial-cleaning-products\/dsm-car-desengrasante\/","title":{"rendered":"DSM CAR DESENGRASANTE"},"content":{"rendered":"<p>Potente desengrasante especialmente formulado para la limpieza de llantas, motores y dem\u00e1s piezas de los veh\u00edculos. No encontrar\u00e1 nada igual.<\/p>\n<p>CAPACIDAD 10 KG<\/p>\n","protected":false},"excerpt":{"rendered":"<p>Potente desengrasante especialmente formulado para la limpieza de llantas, motores y dem\u00e1s piezas de los veh\u00edculos. No encontrar\u00e1 nada igual.<\/p>\n<p>CAPACIDAD 10 KG<\/p>\n","protected":false},"featured_media":1912,"template":"","meta":{"_joinchat":[]},"product_brand":[],"product_cat":[179],"product_tag":[],"class_list":{"0":"post-2394","1":"product","2":"type-product","3":"status-publish","4":"has-post-thumbnail","6":"product_cat-industrial-cleaning-products","8":"first","9":"outofstock","10":"taxable","11":"shipping-taxable","12":"product-type-simple"},"_links":{"self":[{"href":"https:\/\/carretillasdelsegria.com\/en\/wp-json\/wp\/v2\/product\/2394","targetHints":{"allow":["GET"]}}],"collection":[{"href":"https:\/\/carretillasdelsegria.com\/en\/wp-json\/wp\/v2\/product"}],"about":[{"href":"https:\/\/carretillasdelsegria.com\/en\/wp-json\/wp\/v2\/types\/product"}],"wp:featuredmedia":[{"embeddable":true,"href":"https:\/\/carretillasdelsegria.com\/en\/wp-json\/wp\/v2\/media\/1912"}],"wp:attachment":[{"href":"https:\/\/carretillasdelsegria.com\/en\/wp-json\/wp\/v2\/media?parent=2394"}],"wp:term":[{"taxonomy":"product_brand","embeddable":true,"href":"https:\/\/carretillasdelsegria.com\/en\/wp-json\/wp\/v2\/product_brand?post=2394"},{"taxonomy":"product_cat","embeddable":true,"href":"https:\/\/carretillasdelsegria.com\/en\/wp-json\/wp\/v2\/product_cat?post=2394"},{"taxonomy":"product_tag","embeddable":true,"href":"https:\/\/carretillasdelsegria.com\/en\/wp-json\/wp\/v2\/product_tag?post=2394"}],"curies":[{"name":"wp","href":"https:\/\/api.w.org\/{rel}","templated":true}]}}