{"id":2391,"date":"2023-01-31T10:23:03","date_gmt":"2023-01-31T09:23:03","guid":{"rendered":"https:\/\/carretillasdelsegria.com\/tienda\/uncategorized\/cristal-clean\/"},"modified":"2023-01-31T10:23:03","modified_gmt":"2023-01-31T09:23:03","slug":"cristal-clean","status":"publish","type":"product","link":"https:\/\/carretillasdelsegria.com\/en\/store\/industrial-cleaning-machines\/scrubbers\/cristal-clean\/","title":{"rendered":"CRISTAL CLEAN"},"content":{"rendered":"<p><strong>FREGADORA CRISTAL CLEAN<\/strong><\/p>\n<p>Ideal para la limpieza de \u00e1reas peque\u00f1as o medianas como tiendas, oficinas, cocinas, escuelas, hospitales, bares, gimnasios, restaurantes y en general para sustituir los normales sistemas manuales de limpieza<\/p>\n<ul>\n<li>El \u00fanico que limpia y desengrasa con agua a 90 \u00b0 C<\/li>\n<li>Simplicidad de uso gracias a sus tres mandos para accionar cepillo, lavado y secado<\/li>\n<li>Doble boquilla de secado para un secado optimo en ambos sentidos de la marcha<\/li>\n<li>Silenciosa, nivel de presion acustica 68 dB (A)<\/li>\n<li>Altura minima de trabajo 200 mm<\/li>\n<li>Robusta estructura realizada en materiales resistentes<\/li>\n<li>Presi\u00f3n sobre el cepillo para una eficaz limpieza<\/li>\n<li> Depositos extraibles<\/li>\n<li>Practico soporte para el cable<\/li>\n<li>Ruedas sin marco<\/li>\n<\/ul>\n<p>Altura m\u00ednima de trabajo 200 mm.: permite limpiar debajo de muebles, sillas, mesas, camas, etc. El mango reclinable garantiza el uso diario f\u00e1cil y sencillo de la maquina. La gran capacidad de los tanques evita paradas frecuentes para llenar la unidad. Sistema de enganche y desenganche r\u00e1pido del cepillo cil\u00edndrico sin necesidad de herramientas. Limpieza y mantenimiento son r\u00e1pidos y f\u00e1ciles para cualquier operador.<\/p>\n<p>CRYSTAL CLEAN, se adaptan a las necesidades de desinfecci\u00f3n y esterilizaci\u00f3n de este \u00faltimo per\u00edodo, a\u00fan y cuando no es un generador de vapor (soluci\u00f3n ideal donde se requiere una desinfecci\u00f3n precisa), es capaz de lavar las superficies con agua caliente a 90 \u00b0 C y, por tanto, es capaz de desengrasar, limpiar y desinfectar las superficies incluso sin el uso de detergentes. Adem\u00e1s, Crystal Clean tiene funci\u00f3n de aspiraci\u00f3n, es una fregadora-secadora compacta que deja el piso limpio, desinfectado y seco.<\/p>\n","protected":false},"excerpt":{"rendered":"<p><strong>FREGADORA CRISTAL CLEAN<\/strong><\/p>\n<p>Ideal para la limpieza de \u00e1reas peque\u00f1as o medianas como tiendas, oficinas, cocinas, escuelas, hospitales, bares, gimnasios, restaurantes y en general para sustituir los normales sistemas manuales de limpieza.<\/p>\n<p>Altura m\u00ednima de trabajo 200 mm.: permite limpiar debajo de muebles, sillas, mesas, camas, etc. El mango reclinable garantiza el uso diario f\u00e1cil y sencillo de la maquina. La gran capacidad de los tanques evita paradas frecuentes para llenar la unidad. Sistema de enganche y desenganche r\u00e1pido del cepillo cil\u00edndrico sin necesidad de herramientas. Limpieza y mantenimiento son r\u00e1pidos y f\u00e1ciles para cualquier operador.<\/p>\n","protected":false},"featured_media":3818,"template":"","meta":{"_joinchat":[]},"product_brand":[],"product_cat":[166],"product_tag":[],"class_list":{"0":"post-2391","1":"product","2":"type-product","3":"status-publish","4":"has-post-thumbnail","6":"product_cat-scrubbers","7":"pa_marca-lavor-pro","9":"first","10":"instock","11":"taxable","12":"shipping-taxable","13":"product-type-simple"},"_links":{"self":[{"href":"https:\/\/carretillasdelsegria.com\/en\/wp-json\/wp\/v2\/product\/2391","targetHints":{"allow":["GET"]}}],"collection":[{"href":"https:\/\/carretillasdelsegria.com\/en\/wp-json\/wp\/v2\/product"}],"about":[{"href":"https:\/\/carretillasdelsegria.com\/en\/wp-json\/wp\/v2\/types\/product"}],"wp:featuredmedia":[{"embeddable":true,"href":"https:\/\/carretillasdelsegria.com\/en\/wp-json\/wp\/v2\/media\/3818"}],"wp:attachment":[{"href":"https:\/\/carretillasdelsegria.com\/en\/wp-json\/wp\/v2\/media?parent=2391"}],"wp:term":[{"taxonomy":"product_brand","embeddable":true,"href":"https:\/\/carretillasdelsegria.com\/en\/wp-json\/wp\/v2\/product_brand?post=2391"},{"taxonomy":"product_cat","embeddable":true,"href":"https:\/\/carretillasdelsegria.com\/en\/wp-json\/wp\/v2\/product_cat?post=2391"},{"taxonomy":"product_tag","embeddable":true,"href":"https:\/\/carretillasdelsegria.com\/en\/wp-json\/wp\/v2\/product_tag?post=2391"}],"curies":[{"name":"wp","href":"https:\/\/api.w.org\/{rel}","templated":true}]}}