{"id":2390,"date":"2023-02-13T09:17:42","date_gmt":"2023-02-13T08:17:42","guid":{"rendered":"https:\/\/carretillasdelsegria.com\/tienda\/uncategorized\/dcp-desincrustante-5l\/"},"modified":"2023-02-13T09:17:42","modified_gmt":"2023-02-13T08:17:42","slug":"dcp-desincrustante-5l","status":"publish","type":"product","link":"https:\/\/carretillasdelsegria.com\/en\/store\/industrial-cleaning-products\/dcp-desincrustante-5l\/","title":{"rendered":"DCP DESINCRUSTANTE 5L"},"content":{"rendered":"<p>Limpiador desincrustante concentrado para limpieza integral de cuarto de ba\u00f1o, grifer\u00edas, mamparas, espejos, lavabos, ba\u00f1aras, armarios, superficies esmaltadas o vitrificados.<\/p>\n","protected":false},"excerpt":{"rendered":"<p>(Precio por unidad)<\/p>\n<p>Limpiador desincrustante concentrado para limpieza integral de cuarto de ba\u00f1o, grifer\u00edas, mamparas, espejos, lavabos, ba\u00f1aras, armarios, superficies esmaltadas o vitrificados.<\/p>\n<p><strong>LIQUIDACI\u00d3N DE STOCK<\/strong><\/p>\n","protected":false},"featured_media":2220,"template":"","meta":{"_joinchat":[]},"product_brand":[],"product_cat":[179],"product_tag":[],"class_list":{"0":"post-2390","1":"product","2":"type-product","3":"status-publish","4":"has-post-thumbnail","6":"product_cat-industrial-cleaning-products","8":"first","9":"instock","10":"taxable","11":"shipping-taxable","12":"product-type-simple"},"_links":{"self":[{"href":"https:\/\/carretillasdelsegria.com\/en\/wp-json\/wp\/v2\/product\/2390","targetHints":{"allow":["GET"]}}],"collection":[{"href":"https:\/\/carretillasdelsegria.com\/en\/wp-json\/wp\/v2\/product"}],"about":[{"href":"https:\/\/carretillasdelsegria.com\/en\/wp-json\/wp\/v2\/types\/product"}],"wp:featuredmedia":[{"embeddable":true,"href":"https:\/\/carretillasdelsegria.com\/en\/wp-json\/wp\/v2\/media\/2220"}],"wp:attachment":[{"href":"https:\/\/carretillasdelsegria.com\/en\/wp-json\/wp\/v2\/media?parent=2390"}],"wp:term":[{"taxonomy":"product_brand","embeddable":true,"href":"https:\/\/carretillasdelsegria.com\/en\/wp-json\/wp\/v2\/product_brand?post=2390"},{"taxonomy":"product_cat","embeddable":true,"href":"https:\/\/carretillasdelsegria.com\/en\/wp-json\/wp\/v2\/product_cat?post=2390"},{"taxonomy":"product_tag","embeddable":true,"href":"https:\/\/carretillasdelsegria.com\/en\/wp-json\/wp\/v2\/product_tag?post=2390"}],"curies":[{"name":"wp","href":"https:\/\/api.w.org\/{rel}","templated":true}]}}