{"id":2383,"date":"2023-01-31T10:15:17","date_gmt":"2023-01-31T09:15:17","guid":{"rendered":"https:\/\/carretillasdelsegria.com\/tienda\/uncategorized\/dart-fregadora\/"},"modified":"2023-01-31T10:15:17","modified_gmt":"2023-01-31T09:15:17","slug":"dart-fregadora","status":"publish","type":"product","link":"https:\/\/carretillasdelsegria.com\/en\/store\/industrial-cleaning-machines\/scrubbers\/dart-fregadora\/","title":{"rendered":"DART FREGADORA"},"content":{"rendered":"<p>Ideal para superficies de hasta 1620 m2, especialmente cuando est\u00e1n congestionados por personas o muebles, como centros de bienestar, gimnacios, salas de exposici\u00f3n de atom\u00f3viles, tiendas al por menor, hospitales y escuelas.<\/p>\n<ul>\n<li>Conexi\u00f3n, descarga y apagado retardado del cepillo.<\/li>\n<li>Cuerpo estrecho que facilita la accesibilidad a sitios de limpieza.<\/li>\n<li>Ambos lados del cepillo pronunciados y giro de boquilla de 300\u00ba<\/li>\n<li>Dep\u00f3sito de recuperaci\u00f3n extraible sin necesidad de herrasmientas, con gran capacidad de inspecci\u00f3n visual y manguera de descarga flexible.<\/li>\n<li>Mango regulable con botones, controles de tacto sueve.<\/li>\n<li>Ruedas grandes que no dejan huella, y reudas traceras resistentes a desplazamientos.<\/li>\n<\/ul>\n","protected":false},"excerpt":{"rendered":"<p>Ideal para superficies de hasta 1620 m2, especialmente cuando est\u00e1n congestionados por personas o muebles, como centros de bienestar, gimnacios, salas de exposici\u00f3n de atom\u00f3viles, tiendas al por menor, hospitales y escuelas.<\/p>\n","protected":false},"featured_media":3827,"template":"","meta":{"_joinchat":[]},"product_brand":[],"product_cat":[166],"product_tag":[],"class_list":{"0":"post-2383","1":"product","2":"type-product","3":"status-publish","4":"has-post-thumbnail","6":"product_cat-scrubbers","7":"pa_marca-lavor-pro","9":"first","10":"instock","11":"taxable","12":"shipping-taxable","13":"product-type-simple"},"_links":{"self":[{"href":"https:\/\/carretillasdelsegria.com\/en\/wp-json\/wp\/v2\/product\/2383","targetHints":{"allow":["GET"]}}],"collection":[{"href":"https:\/\/carretillasdelsegria.com\/en\/wp-json\/wp\/v2\/product"}],"about":[{"href":"https:\/\/carretillasdelsegria.com\/en\/wp-json\/wp\/v2\/types\/product"}],"wp:featuredmedia":[{"embeddable":true,"href":"https:\/\/carretillasdelsegria.com\/en\/wp-json\/wp\/v2\/media\/3827"}],"wp:attachment":[{"href":"https:\/\/carretillasdelsegria.com\/en\/wp-json\/wp\/v2\/media?parent=2383"}],"wp:term":[{"taxonomy":"product_brand","embeddable":true,"href":"https:\/\/carretillasdelsegria.com\/en\/wp-json\/wp\/v2\/product_brand?post=2383"},{"taxonomy":"product_cat","embeddable":true,"href":"https:\/\/carretillasdelsegria.com\/en\/wp-json\/wp\/v2\/product_cat?post=2383"},{"taxonomy":"product_tag","embeddable":true,"href":"https:\/\/carretillasdelsegria.com\/en\/wp-json\/wp\/v2\/product_tag?post=2383"}],"curies":[{"name":"wp","href":"https:\/\/api.w.org\/{rel}","templated":true}]}}