{"id":2382,"date":"2023-01-31T09:47:05","date_gmt":"2023-01-31T08:47:05","guid":{"rendered":"https:\/\/carretillasdelsegria.com\/tienda\/uncategorized\/comfort-m-102\/"},"modified":"2023-01-31T09:47:05","modified_gmt":"2023-01-31T08:47:05","slug":"comfort-m-102","status":"publish","type":"product","link":"https:\/\/carretillasdelsegria.com\/en\/store\/industrial-cleaning-machines\/scrubbers\/comfort-m-102\/","title":{"rendered":"COMFORT M 102"},"content":{"rendered":"<p><strong>FREGADORA COMFORT M 102<\/strong><\/p>\n<p>Ideal para la limpieza de grandes \u00e1reas (hasta 6.000 m2)<\/p>\n<ul>\n<li>Presion constante de 90\/120 Kg.<\/li>\n<li>Amplia capacidad de carga del deposito (reduccion de n. de paradas y maximo rendimiento de la carga de la bateria)<\/li>\n<li>Dimensiones contenidas.<\/li>\n<li>Maxima estabilidad aun a plena carga, traccion delantera con reducido radio de giro.<\/li>\n<li>Ventanilla de inspeccion para trabajos periodicos de limpieza profunda en tiempos reducidos.<\/li>\n<li>Facil e inmediato acceso a los componentes electricos.<\/li>\n<li>Dosificador solucion de detergente.<\/li>\n<li>Sistema filtrante integrado en la boquilla.<\/li>\n<li>Dispositivo automatico de elevacion de la boquilla para la marcha atras.<\/li>\n<li>Dispositivo automatico de detencion de loscepillos e interrupcion de la distribucion de detergente con la maquina parada.<\/li>\n<li>Sistema anti espuma.<\/li>\n<li>Cepillos auto elevacion.<\/li>\n<\/ul>\n<p>El sistema anti-espuma reduce dr\u00e1sticamente la formaci\u00f3n de espuma protegiendo el motor de aspiraci\u00f3n y el interruptor electr\u00f3nico de \ufb02otador interrumpe la aspiracion cuando el dep\u00f3sito est\u00e1 lleno. La amplia apertura del dep\u00f3sito permite una limpieza e\ufb01ciente, r\u00e1pida y completa. La resistente boquilla de secado hecha con per\ufb01les de acero, es ampliamente regulable y permite conseguir un secado perfecto de cada tipo de suelo. El \ufb01ltro especial retiene las impurezas y evita la obstrucci\u00f3n de la manguera de aspiraci\u00f3n.Las Comfort M son f\u00e1ciles de usar, con un panel de mandos sencillo e intuitivo. Desde el panel de control, el operador puede ajustar la velocidad de trabajo y la cantidad de soluci\u00f3n de limpieza, selecci\u00f3nando la opci\u00f3n m\u00e1s adecuada para cada tipo de suciedad. El trabajo se simpli\ufb01ca y hace m\u00e1s r\u00e1pido gracias a el sistema autom\u00e1tica de levantamiento de la boquilla de secado y de los cepillos. Gracias a la \u00f3ptima distribuci\u00f3n del peso y el uso de ruedas de poliuretano anti-aceite, la tracci\u00f3n es perfecta en todas las condiciones de trabajo.El vaciado del dep\u00f3sito de soluci\u00f3n detergente es f\u00e1cil gracias a un grifo f\u00e1cilmente accesible.<\/p>\n","protected":false},"excerpt":{"rendered":"<p>El sistema anti-espuma reduce dr\u00e1sticamente la formaci\u00f3n de espuma protegiendo el motor de aspiraci\u00f3n y el interruptor electr\u00f3nico de \ufb02otador interrumpe la aspiracion cuando el dep\u00f3sito est\u00e1 lleno. La amplia apertura del dep\u00f3sito permite una limpieza e\ufb01ciente, r\u00e1pida y completa. La resistente boquilla de secado hecha con per\ufb01les de acero, es ampliamente regulable y permite conseguir un secado perfecto de cada tipo de suelo. El \ufb01ltro especial retiene las impurezas y evita la obstrucci\u00f3n de la manguera de aspiraci\u00f3n. Las Comfort M son f\u00e1ciles de usar, con un panel de mandos sencillo e intuitivo. Desde el panel de control, el operador puede ajustar la velocidad de trabajo y la cantidad de soluci\u00f3n de limpieza, selecci\u00f3nando la opci\u00f3n m\u00e1s adecuada para cada tipo de suciedad.<\/p>\n","protected":false},"featured_media":1807,"template":"","meta":{"_joinchat":[]},"product_brand":[],"product_cat":[166],"product_tag":[],"class_list":{"0":"post-2382","1":"product","2":"type-product","3":"status-publish","4":"has-post-thumbnail","6":"product_cat-scrubbers","7":"pa_marca-lavor-pro","9":"first","10":"instock","11":"taxable","12":"shipping-taxable","13":"product-type-simple"},"_links":{"self":[{"href":"https:\/\/carretillasdelsegria.com\/en\/wp-json\/wp\/v2\/product\/2382","targetHints":{"allow":["GET"]}}],"collection":[{"href":"https:\/\/carretillasdelsegria.com\/en\/wp-json\/wp\/v2\/product"}],"about":[{"href":"https:\/\/carretillasdelsegria.com\/en\/wp-json\/wp\/v2\/types\/product"}],"wp:featuredmedia":[{"embeddable":true,"href":"https:\/\/carretillasdelsegria.com\/en\/wp-json\/wp\/v2\/media\/1807"}],"wp:attachment":[{"href":"https:\/\/carretillasdelsegria.com\/en\/wp-json\/wp\/v2\/media?parent=2382"}],"wp:term":[{"taxonomy":"product_brand","embeddable":true,"href":"https:\/\/carretillasdelsegria.com\/en\/wp-json\/wp\/v2\/product_brand?post=2382"},{"taxonomy":"product_cat","embeddable":true,"href":"https:\/\/carretillasdelsegria.com\/en\/wp-json\/wp\/v2\/product_cat?post=2382"},{"taxonomy":"product_tag","embeddable":true,"href":"https:\/\/carretillasdelsegria.com\/en\/wp-json\/wp\/v2\/product_tag?post=2382"}],"curies":[{"name":"wp","href":"https:\/\/api.w.org\/{rel}","templated":true}]}}