{"id":2381,"date":"2023-01-31T09:32:31","date_gmt":"2023-01-31T08:32:31","guid":{"rendered":"https:\/\/carretillasdelsegria.com\/tienda\/uncategorized\/comfort-xxs\/"},"modified":"2023-02-15T12:53:04","modified_gmt":"2023-02-15T11:53:04","slug":"comfort-xxs","status":"publish","type":"product","link":"https:\/\/carretillasdelsegria.com\/en\/store\/industrial-cleaning-machines\/scrubbers\/comfort-xxs\/","title":{"rendered":"COMFORT XXS"},"content":{"rendered":"<p><strong>FREGADORA OPERADOR A BORDO LAVOPRO<\/strong><\/p>\n<p>Ideal para la limpieza profunda y mantenimiento de grandes \u00e1reas (hasta 3200m2), con el plus de reducci\u00f3n significativa de costos de limpieza.<\/p>\n<ul>\n<li>Rendimiento 3250 m2\/h.<\/li>\n<li>Dimensiones compactas y excelente maniobralidad para acceder a espacios estrechos.<\/li>\n<li>32 Kg de presi\u00f3n constante en los cepillos.<\/li>\n<li>Cepillo de contra rotaci\u00f3n doble.<\/li>\n<li>Durabilidad de la bateria (hasta 4,5 horas).<\/li>\n<li>Capacidad para montar 4 baterias 6V 240Ah y tracci\u00f3n tracera.<\/li>\n<li>85 lt de capacidad de carga del dep\u00f3sito, que favorece menos paradas de trabajo y mayor rendimiento de la babteria.<\/li>\n<li>Volante ergon\u00f3mico con controles y pantalla digital f\u00e1cil e intuitivo.<\/li>\n<li>F\u00e1cil acceso a los compnentes el\u00e9ctricos.<\/li>\n<li>Sistema autom\u00e1tico que interrumpe el movimiento de cepillos y flujo de limpieza, cuando la m\u00e1quina est\u00e1 aestacionada.<\/li>\n<li>Placa de cepillos autonivelantes.<\/li>\n<li>Sistema de dosificaci\u00f3n aut\u00f3matica del detergente.<\/li>\n<\/ul>\n","protected":false},"excerpt":{"rendered":"<p><strong>FREGADORA OPERADOR A BORDO LAVOPRO<\/strong><\/p>\n<p>Ideal para la limpieza profunda y mantenimiento de grandes \u00e1reas (hasta 3200m2), con el plus de reducci\u00f3n significativa de costos de limpieza.<\/p>\n<ul>\n<li>Rendimiento 3250 m2\/h.<\/li>\n<li>Dimensiones compactas y excelente maniobralidad para acceder a espacios estrechos.<\/li>\n<li>32 Kg de presi\u00f3n constante en los cepillos.<\/li>\n<li>Cepillo de contra rotaci\u00f3n doble.<\/li>\n<li>Durabilidad de la bateria (hasta 4,5 horas).<\/li>\n<li>Capacidad para montar 4 baterias 6V 240Ah y tracci\u00f3n tracera.<\/li>\n<li>85 lt de capacidad de carga del dep\u00f3sito, que favorece menos paradas de trabajo y mayor rendimiento de la babteria.<\/li>\n<li>Volante ergon\u00f3mico con controles y pantalla digital f\u00e1cil e intuitivo.<\/li>\n<li>F\u00e1cil acceso a los compnentes el\u00e9ctricos.<\/li>\n<li>Sistema autom\u00e1tico que interrumpe el movimiento de cepillos y flujo de limpieza, cuando la m\u00e1quina est\u00e1 aestacionada.<\/li>\n<li>Placa de cepillos autonivelantes.<\/li>\n<li>Sistema de dosificaci\u00f3n aut\u00f3matica del detergente.<\/li>\n<\/ul>\n","protected":false},"featured_media":3808,"template":"","meta":{"_joinchat":[]},"product_brand":[],"product_cat":[166],"product_tag":[],"class_list":{"0":"post-2381","1":"product","2":"type-product","3":"status-publish","4":"has-post-thumbnail","6":"product_cat-scrubbers","7":"pa_marca-lavor-pro","9":"first","10":"instock","11":"taxable","12":"shipping-taxable","13":"product-type-simple"},"_links":{"self":[{"href":"https:\/\/carretillasdelsegria.com\/en\/wp-json\/wp\/v2\/product\/2381","targetHints":{"allow":["GET"]}}],"collection":[{"href":"https:\/\/carretillasdelsegria.com\/en\/wp-json\/wp\/v2\/product"}],"about":[{"href":"https:\/\/carretillasdelsegria.com\/en\/wp-json\/wp\/v2\/types\/product"}],"wp:featuredmedia":[{"embeddable":true,"href":"https:\/\/carretillasdelsegria.com\/en\/wp-json\/wp\/v2\/media\/3808"}],"wp:attachment":[{"href":"https:\/\/carretillasdelsegria.com\/en\/wp-json\/wp\/v2\/media?parent=2381"}],"wp:term":[{"taxonomy":"product_brand","embeddable":true,"href":"https:\/\/carretillasdelsegria.com\/en\/wp-json\/wp\/v2\/product_brand?post=2381"},{"taxonomy":"product_cat","embeddable":true,"href":"https:\/\/carretillasdelsegria.com\/en\/wp-json\/wp\/v2\/product_cat?post=2381"},{"taxonomy":"product_tag","embeddable":true,"href":"https:\/\/carretillasdelsegria.com\/en\/wp-json\/wp\/v2\/product_tag?post=2381"}],"curies":[{"name":"wp","href":"https:\/\/api.w.org\/{rel}","templated":true}]}}