{"id":2337,"date":"2023-01-30T09:36:23","date_gmt":"2023-01-30T08:36:23","guid":{"rendered":"https:\/\/carretillasdelsegria.com\/tienda\/uncategorized\/utah-5015-lp\/"},"modified":"2023-01-30T09:36:23","modified_gmt":"2023-01-30T08:36:23","slug":"utah-5015-lp","status":"publish","type":"product","link":"https:\/\/carretillasdelsegria.com\/en\/store\/industrial-cleaning-machines\/pressure-washers\/utah-5015-lp\/","title":{"rendered":"UTAH 5015 LP"},"content":{"rendered":"<p><strong>HIDROLIMPIADORA UTAH R LP<\/strong><\/p>\n<ul>\n<li>Motor el\u00e9ctrico 4 polos (1450 RPM) con protecci\u00f3n t\u00e9rmica 500BAR 900L\/H. 15000W-400V<\/li>\n<li>Bomba lineal con tres pistones en cer\u00e1mica, cabezal en lat\u00f3n y v\u00e1lvula by-pass incorporada.<\/li>\n<li>Total Stop retrasado y en baja tensi\u00f3n<\/li>\n<li>V\u00e1lvulas de aspiraci\u00f3n y salida en acero inoxidable.<\/li>\n<li>Aspiraci\u00f3n indirecta con dep\u00f3sito de detergente incorporado<\/li>\n<li>Regulador de la presi\u00f3n<\/li>\n<li>Man\u00f3metro en ba\u00f1o de glicerina<\/li>\n<li>Chasis en acero<\/li>\n<li>Cobertura en acero<\/li>\n<\/ul>\n","protected":false},"excerpt":{"rendered":"<p><strong>HIDROLIMPIADORA UTAH R LP<\/strong><\/p>\n<ul>\n<li>Motor el\u00e9ctrico 4 polos (1450 RPM) con protecci\u00f3n t\u00e9rmica 500BAR 900L\/H. 15000W-400V<\/li>\n<li>Bomba lineal con tres pistones en cer\u00e1mica, cabezal en lat\u00f3n y v\u00e1lvula by-pass incorporada.<\/li>\n<li>Total Stop retrasado y en baja tensi\u00f3n<\/li>\n<li>V\u00e1lvulas de aspiraci\u00f3n y salida en acero inoxidable.<\/li>\n<li>Aspiraci\u00f3n indirecta con dep\u00f3sito de detergente incorporado<\/li>\n<li>Regulador de la presi\u00f3n<\/li>\n<li>Man\u00f3metro en ba\u00f1o de glicerina<\/li>\n<li>Chasis en acero<\/li>\n<li>Cobertura en acero<\/li>\n<\/ul>\n","protected":false},"featured_media":1793,"template":"","meta":{"_joinchat":[]},"product_brand":[],"product_cat":[168],"product_tag":[],"class_list":{"0":"post-2337","1":"product","2":"type-product","3":"status-publish","4":"has-post-thumbnail","6":"product_cat-pressure-washers","7":"pa_marca-lavor-pro","9":"first","10":"instock","11":"taxable","12":"shipping-taxable","13":"product-type-simple"},"_links":{"self":[{"href":"https:\/\/carretillasdelsegria.com\/en\/wp-json\/wp\/v2\/product\/2337","targetHints":{"allow":["GET"]}}],"collection":[{"href":"https:\/\/carretillasdelsegria.com\/en\/wp-json\/wp\/v2\/product"}],"about":[{"href":"https:\/\/carretillasdelsegria.com\/en\/wp-json\/wp\/v2\/types\/product"}],"wp:featuredmedia":[{"embeddable":true,"href":"https:\/\/carretillasdelsegria.com\/en\/wp-json\/wp\/v2\/media\/1793"}],"wp:attachment":[{"href":"https:\/\/carretillasdelsegria.com\/en\/wp-json\/wp\/v2\/media?parent=2337"}],"wp:term":[{"taxonomy":"product_brand","embeddable":true,"href":"https:\/\/carretillasdelsegria.com\/en\/wp-json\/wp\/v2\/product_brand?post=2337"},{"taxonomy":"product_cat","embeddable":true,"href":"https:\/\/carretillasdelsegria.com\/en\/wp-json\/wp\/v2\/product_cat?post=2337"},{"taxonomy":"product_tag","embeddable":true,"href":"https:\/\/carretillasdelsegria.com\/en\/wp-json\/wp\/v2\/product_tag?post=2337"}],"curies":[{"name":"wp","href":"https:\/\/api.w.org\/{rel}","templated":true}]}}