{"id":2304,"date":"2023-01-24T13:32:19","date_gmt":"2023-01-24T12:32:19","guid":{"rendered":"https:\/\/carretillasdelsegria.com\/tienda\/uncategorized\/aspirador-pro-worker-em\/"},"modified":"2023-01-24T13:32:19","modified_gmt":"2023-01-24T12:32:19","slug":"pro-worker-em","status":"publish","type":"product","link":"https:\/\/carretillasdelsegria.com\/en\/store\/industrial-cleaning-machines\/vacuum-cleaners\/pro-worker-em\/","title":{"rendered":"ASPIRADOR PRO WORKER EM"},"content":{"rendered":"<p>PRO WORKER LAVOR PRO es la soluci\u00f3n para la mejora de las condiciones de trabajo y garantizar las normas de seguridad necesarias para proteger la salud. El polvo grueso asienta r\u00e1pidamente, mientras que las part\u00edculas finas de polvo permanecen suspendidas en el aire usted est\u00e1 respirando y puede poner en peligro a largo plazo, su salud. Un uso constante de PROWORKER ayuda a mantener un ambiente de trabajo limpio y saludable. Ideal para la aspiraci\u00f3n de polvo directamente de utensilios como:<\/p>\n<p>\u2022 perforaci\u00f3n, fresado, lijado, pulido y corte \u2022 Adecuado para la aspiraci\u00f3n de polvos de yeso, piedra, cemento, yeso, madera, pinturas y esmaltes, en consonancia con normativa sobre clases de polvos \u2022 Indispensable en obras de construcci\u00f3n, en la carrocer\u00eda, en la carpinter\u00eda, para instaladores, fontaneros, trabajadores de mantenimiento y donde sea necesario para limpiar despu\u00e9s de la ejecuci\u00f3n de la obra. PRO WORKER ofrece un sistema filtro multinivel que consiste en un filtro HEPA con recubrimiento cartucho NANO TECH, filtro inmicrofibra cartera y filtro de aire de salida que classifica como aspirador para el certificado de polvos en clase M.<\/p>\n<p>PRO WORKER tambi\u00e9n est\u00e1 equipado con sacudidor de filtro automatico que est\u00e1 operando en el extremo de cada ciclo de aspiraciom para mantener el filtro edefficiente limpio. PRO WORKER es adecuado para la aspiraci\u00f3n de polvo con un lugar de trabajo valor de concentraci\u00f3n max (AGW) \u2265 0,1 mg \/ m\u00b3 (polvo de madera)<\/p>\n","protected":false},"excerpt":{"rendered":"<p>Ideal para la aspiraci\u00f3n de polvo directamente de utensilios como: perforaci\u00f3n, fresado, lijado, pulido y corte.<\/p>\n<p>Adecuado para la aspiraci\u00f3n de: polvos de yeso, piedra, cemento, yeso, madera, pinturas y esmaltes, en consonancia con normativa sobre clases de polvos.<\/p>\n<p>Indispensable en: obras de construcci\u00f3n, en la carrocer\u00eda, en la carpinter\u00eda, para instaladores, fontaneros, trabajadores de mantenimiento y donde sea necesario para limpiar despu\u00e9s de la ejecuci\u00f3n de la obra.<\/p>\n<p>Valor de concentraci\u00f3n max (AGW) \u2265 0,1 mg \/ m\u00b3 (polvo de madera)<\/p>\n","protected":false},"featured_media":4063,"template":"","meta":{"_joinchat":[]},"product_brand":[],"product_cat":[164],"product_tag":[],"class_list":{"0":"post-2304","1":"product","2":"type-product","3":"status-publish","4":"has-post-thumbnail","6":"product_cat-vacuum-cleaners","7":"pa_marca-lavor-pro","9":"first","10":"instock","11":"taxable","12":"shipping-taxable","13":"product-type-simple"},"_links":{"self":[{"href":"https:\/\/carretillasdelsegria.com\/en\/wp-json\/wp\/v2\/product\/2304","targetHints":{"allow":["GET"]}}],"collection":[{"href":"https:\/\/carretillasdelsegria.com\/en\/wp-json\/wp\/v2\/product"}],"about":[{"href":"https:\/\/carretillasdelsegria.com\/en\/wp-json\/wp\/v2\/types\/product"}],"wp:featuredmedia":[{"embeddable":true,"href":"https:\/\/carretillasdelsegria.com\/en\/wp-json\/wp\/v2\/media\/4063"}],"wp:attachment":[{"href":"https:\/\/carretillasdelsegria.com\/en\/wp-json\/wp\/v2\/media?parent=2304"}],"wp:term":[{"taxonomy":"product_brand","embeddable":true,"href":"https:\/\/carretillasdelsegria.com\/en\/wp-json\/wp\/v2\/product_brand?post=2304"},{"taxonomy":"product_cat","embeddable":true,"href":"https:\/\/carretillasdelsegria.com\/en\/wp-json\/wp\/v2\/product_cat?post=2304"},{"taxonomy":"product_tag","embeddable":true,"href":"https:\/\/carretillasdelsegria.com\/en\/wp-json\/wp\/v2\/product_tag?post=2304"}],"curies":[{"name":"wp","href":"https:\/\/api.w.org\/{rel}","templated":true}]}}