{"id":2300,"date":"2023-02-02T09:16:52","date_gmt":"2023-02-02T08:16:52","guid":{"rendered":"https:\/\/carretillasdelsegria.com\/tienda\/uncategorized\/pecolift\/"},"modified":"2023-02-02T09:16:52","modified_gmt":"2023-02-02T08:16:52","slug":"pecolift","status":"publish","type":"product","link":"https:\/\/carretillasdelsegria.com\/en\/store\/single-person-lifting-platforms\/powered-without-power-supply\/pecolift\/","title":{"rendered":"PECOLIFT"},"content":{"rendered":"<p><strong>DESPLAZABLE MANUALMENTE<\/strong><\/p>\n<p>Uso en interiores con elevaci\u00f3n manual<br \/>\n<strong>Aplicaciones:<\/strong> Fontaner\u00eda, mantenimiento e ingenier\u00eda, limpieza. Pintura. Sector minorista. FM.<\/p>\n<p><strong>Caracter\u00edsticas principales<\/strong><\/p>\n<ul>\n<li>F\u00e1cil de usar &#8211; girar la manivela para elevar<\/li>\n<li>Mecanismo de elevaci\u00f3n patentado*, no necesita alimentaci\u00f3n<\/li>\n<li>Ligero, f\u00e1cil de maniobrar<\/li>\n<li>Huella reducida (985 mm x 700 mm)<\/li>\n<li>Ciclos de elevaci\u00f3n ilimitados, se puede utilizar 24 horas al d\u00eda los 7 d\u00edas de la semana<\/li>\n<li>Dise\u00f1o resistente, para a\u00f1os de vida \u00fatil sin problemas<\/li>\n<li>Costes operativos m\u00ednimos, pr\u00e1cticamente sin mantenimiento.<\/li>\n<\/ul>\n","protected":false},"excerpt":{"rendered":"<p><strong>DESPLAZABLE MANUALMENTE<\/strong><\/p>\n<p>Uso en interiores con elevaci\u00f3n manual<br \/>\n<strong>Aplicaciones:<\/strong> Fontaner\u00eda, mantenimiento e ingenier\u00eda, limpieza. Pintura. Sector minorista. FM.<\/p>\n","protected":false},"featured_media":1873,"template":"","meta":{"_joinchat":[]},"product_brand":[],"product_cat":[178],"product_tag":[],"class_list":{"0":"post-2300","1":"product","2":"type-product","3":"status-publish","4":"has-post-thumbnail","6":"product_cat-powered-without-power-supply","7":"pa_marca-jlg-power-towers","9":"first","10":"instock","11":"taxable","12":"shipping-taxable","13":"product-type-simple"},"_links":{"self":[{"href":"https:\/\/carretillasdelsegria.com\/en\/wp-json\/wp\/v2\/product\/2300","targetHints":{"allow":["GET"]}}],"collection":[{"href":"https:\/\/carretillasdelsegria.com\/en\/wp-json\/wp\/v2\/product"}],"about":[{"href":"https:\/\/carretillasdelsegria.com\/en\/wp-json\/wp\/v2\/types\/product"}],"wp:featuredmedia":[{"embeddable":true,"href":"https:\/\/carretillasdelsegria.com\/en\/wp-json\/wp\/v2\/media\/1873"}],"wp:attachment":[{"href":"https:\/\/carretillasdelsegria.com\/en\/wp-json\/wp\/v2\/media?parent=2300"}],"wp:term":[{"taxonomy":"product_brand","embeddable":true,"href":"https:\/\/carretillasdelsegria.com\/en\/wp-json\/wp\/v2\/product_brand?post=2300"},{"taxonomy":"product_cat","embeddable":true,"href":"https:\/\/carretillasdelsegria.com\/en\/wp-json\/wp\/v2\/product_cat?post=2300"},{"taxonomy":"product_tag","embeddable":true,"href":"https:\/\/carretillasdelsegria.com\/en\/wp-json\/wp\/v2\/product_tag?post=2300"}],"curies":[{"name":"wp","href":"https:\/\/api.w.org\/{rel}","templated":true}]}}